{"id":11374,"date":"2025-05-16T10:34:19","date_gmt":"2025-05-16T08:34:19","guid":{"rendered":"https:\/\/iodperformance.com\/produkt\/arb-intensity-v2-led-light-bar\/"},"modified":"2026-02-26T08:09:00","modified_gmt":"2026-02-26T07:09:00","slug":"arb-intensity-v2-led-light-bar","status":"publish","type":"product","link":"https:\/\/iodperformance.com\/en\/produkt\/arb-intensity-v2-led-light-bar\/","title":{"rendered":"ARB Intensity V2 LED light bar"},"content":{"rendered":"<ul>\n<li>40 OSRAM high-efficiency LEDs (square)<\/li>\n<li>Extruded aluminum housing, powder coated<\/li>\n<li>Dimensions: 560 mm x 91 mm x 125 mm<\/li>\n<li>Light output: 25,080 lumens (AR40CV2 Combo model)<\/li>\n<li>Operating voltage range: 9-36 V<\/li>\n<li>Power: 305 W<\/li>\n<li>Current consumption: 21 A @ 14.4 V (requires new harness)<\/li>\n<li>Range: 1 Lux at 926 m<\/li>\n<li>Light Angle: 6\u00b0 for Spot and 20\u00b0 for Flood<\/li>\n<li>Length of power cord: 400 mm<\/li>\n<li>Operating temperature range: from -40\u00b0C to +63\u00b0C<\/li>\n<\/ul>\n","protected":false},"excerpt":{"rendered":"<p>The ARB Intensity V2 LED strip uses Hyperspot optics and advanced light dispersion technology, maximizing the power of 40 OSRAM LEDs encased in a virtually indestructible polycarbonate lens and a durable anodized aluminum housing with cast ends.<\/p>\n<p>Designed to integrate perfectly with the upper bumper tube, the housing wraps around the profile, providing a low, aerodynamic design that does not block airflow to the radiator. An innovative mounting system based on tubular clamps ensures the mounts are invisible, yet incredibly stable in off-road conditions, with no vibration and an adjustable tilt angle. <\/p>\n<p>Efficiency is the key &#8211; the massive heatsink effectively dissipates heat, allowing operation over the full temperature range, even at standstill or low speed.<\/p>\n","protected":false},"featured_media":11344,"template":"","meta":[],"product_brand":[344],"product_cat":[494],"product_tag":[426],"class_list":{"0":"post-11374","1":"product","2":"type-product","3":"status-publish","4":"has-post-thumbnail","6":"product_brand-arb-en","7":"product_cat-led-bars","8":"product_tag-arb-en","10":"first","11":"instock","12":"taxable","13":"shipping-taxable","14":"purchasable","15":"product-type-simple"},"bundled_by":[],"bundle_stock_status":"instock","bundle_stock_quantity":null,"bundle_virtual":false,"bundle_layout":"","bundle_add_to_cart_form_location":"","bundle_editable_in_cart":false,"bundle_sold_individually_context":"","bundle_item_grouping":"","bundle_min_size":"","bundle_max_size":"","bundle_price":[],"bundled_items":[],"bundle_sell_ids":[],"yoast_head":"<!-- This site is optimized with the Yoast SEO plugin v27.2 - https:\/\/yoast.com\/product\/yoast-seo-wordpress\/ -->\n<title>ARB Intensity V2 LED light bar<\/title>\n<meta name=\"robots\" content=\"index, follow, max-snippet:-1, max-image-preview:large, max-video-preview:-1\" \/>\n<link rel=\"canonical\" href=\"https:\/\/iodperformance.com\/en\/produkt\/arb-intensity-v2-led-light-bar\/\" \/>\n<meta property=\"og:locale\" content=\"en_US\" \/>\n<meta property=\"og:type\" content=\"article\" \/>\n<meta property=\"og:title\" content=\"ARB Intensity V2 LED light bar\" \/>\n<meta property=\"og:description\" content=\"The ARB Intensity V2 LED strip uses Hyperspot optics and advanced light dispersion technology, maximizing the power of 40 OSRAM LEDs encased in a virtually indestructible polycarbonate lens and a durable anodized aluminum housing with cast ends. Designed to integrate perfectly with the upper bumper tube, the housing wraps around the profile, providing a low, aerodynamic design that does not block airflow to the radiator. An innovative mounting system based on tubular clamps ensures the mounts are invisible, yet incredibly stable in off-road conditions, with no vibration and an adjustable tilt angle.  Efficiency is the key - the massive heatsink effectively dissipates heat, allowing operation over the full temperature range, even at standstill or low speed.\" \/>\n<meta property=\"og:url\" content=\"https:\/\/iodperformance.com\/en\/produkt\/arb-intensity-v2-led-light-bar\/\" \/>\n<meta property=\"og:site_name\" content=\"IOD Performance\" \/>\n<meta property=\"article:publisher\" content=\"https:\/\/www.facebook.com\/IODshopPL\/\" \/>\n<meta property=\"article:modified_time\" content=\"2026-02-26T07:09:00+00:00\" \/>\n<meta property=\"og:image\" content=\"https:\/\/iodperformance.com\/wp-content\/uploads\/2025\/05\/image-638.jpeg\" \/>\n\t<meta property=\"og:image:width\" content=\"1500\" \/>\n\t<meta property=\"og:image:height\" content=\"1500\" \/>\n\t<meta property=\"og:image:type\" content=\"image\/jpeg\" \/>\n<meta name=\"twitter:card\" content=\"summary_large_image\" \/>\n<script type=\"application\/ld+json\" class=\"yoast-schema-graph\">{\"@context\":\"https:\/\/schema.org\",\"@graph\":[{\"@type\":\"WebPage\",\"@id\":\"https:\/\/iodperformance.com\/en\/produkt\/arb-intensity-v2-led-light-bar\/\",\"url\":\"https:\/\/iodperformance.com\/en\/produkt\/arb-intensity-v2-led-light-bar\/\",\"name\":\"ARB Intensity V2 LED light bar\",\"isPartOf\":{\"@id\":\"https:\/\/iodperformance.com\/#website\"},\"primaryImageOfPage\":{\"@id\":\"https:\/\/iodperformance.com\/en\/produkt\/arb-intensity-v2-led-light-bar\/#primaryimage\"},\"image\":{\"@id\":\"https:\/\/iodperformance.com\/en\/produkt\/arb-intensity-v2-led-light-bar\/#primaryimage\"},\"thumbnailUrl\":\"https:\/\/iodperformance.com\/wp-content\/uploads\/2025\/05\/image-638.jpeg\",\"datePublished\":\"2025-05-16T08:34:19+00:00\",\"dateModified\":\"2026-02-26T07:09:00+00:00\",\"breadcrumb\":{\"@id\":\"https:\/\/iodperformance.com\/en\/produkt\/arb-intensity-v2-led-light-bar\/#breadcrumb\"},\"inLanguage\":\"en-US\",\"potentialAction\":[{\"@type\":\"ReadAction\",\"target\":[\"https:\/\/iodperformance.com\/en\/produkt\/arb-intensity-v2-led-light-bar\/\"]}]},{\"@type\":\"ImageObject\",\"inLanguage\":\"en-US\",\"@id\":\"https:\/\/iodperformance.com\/en\/produkt\/arb-intensity-v2-led-light-bar\/#primaryimage\",\"url\":\"https:\/\/iodperformance.com\/wp-content\/uploads\/2025\/05\/image-638.jpeg\",\"contentUrl\":\"https:\/\/iodperformance.com\/wp-content\/uploads\/2025\/05\/image-638.jpeg\",\"width\":1500,\"height\":1500},{\"@type\":\"BreadcrumbList\",\"@id\":\"https:\/\/iodperformance.com\/en\/produkt\/arb-intensity-v2-led-light-bar\/#breadcrumb\",\"itemListElement\":[{\"@type\":\"ListItem\",\"position\":1,\"name\":\"Strona g\u0142\u00f3wna\",\"item\":\"https:\/\/iodperformance.com\/en\/\"},{\"@type\":\"ListItem\",\"position\":2,\"name\":\"Shop\",\"item\":\"https:\/\/iodperformance.com\/en\/shop\/\"},{\"@type\":\"ListItem\",\"position\":3,\"name\":\"ARB Intensity V2 LED light bar\"}]},{\"@type\":\"WebSite\",\"@id\":\"https:\/\/iodperformance.com\/#website\",\"url\":\"https:\/\/iodperformance.com\/\",\"name\":\"IOD Performance\",\"description\":\"Producent cz\u0119\u015bci i akcesori\u00f3w samochodowych\",\"publisher\":{\"@id\":\"https:\/\/iodperformance.com\/#organization\"},\"potentialAction\":[{\"@type\":\"SearchAction\",\"target\":{\"@type\":\"EntryPoint\",\"urlTemplate\":\"https:\/\/iodperformance.com\/?s={search_term_string}\"},\"query-input\":{\"@type\":\"PropertyValueSpecification\",\"valueRequired\":true,\"valueName\":\"search_term_string\"}}],\"inLanguage\":\"en-US\"},{\"@type\":\"Organization\",\"@id\":\"https:\/\/iodperformance.com\/#organization\",\"name\":\"IOD Performance\",\"url\":\"https:\/\/iodperformance.com\/\",\"logo\":{\"@type\":\"ImageObject\",\"inLanguage\":\"en-US\",\"@id\":\"https:\/\/iodperformance.com\/#\/schema\/logo\/image\/\",\"url\":\"https:\/\/iodperformance.com\/wp-content\/uploads\/2025\/02\/logo_V2.png\",\"contentUrl\":\"https:\/\/iodperformance.com\/wp-content\/uploads\/2025\/02\/logo_V2.png\",\"width\":2560,\"height\":1076,\"caption\":\"IOD Performance\"},\"image\":{\"@id\":\"https:\/\/iodperformance.com\/#\/schema\/logo\/image\/\"},\"sameAs\":[\"https:\/\/www.facebook.com\/IODshopPL\/\",\"https:\/\/www.instagram.com\/iodperformance\/\",\"https:\/\/www.youtube.com\/@iodperformance\"]}]}<\/script>\n<!-- \/ Yoast SEO plugin. -->","yoast_head_json":{"title":"ARB Intensity V2 LED light bar","robots":{"index":"index","follow":"follow","max-snippet":"max-snippet:-1","max-image-preview":"max-image-preview:large","max-video-preview":"max-video-preview:-1"},"canonical":"https:\/\/iodperformance.com\/en\/produkt\/arb-intensity-v2-led-light-bar\/","og_locale":"en_US","og_type":"article","og_title":"ARB Intensity V2 LED light bar","og_description":"The ARB Intensity V2 LED strip uses Hyperspot optics and advanced light dispersion technology, maximizing the power of 40 OSRAM LEDs encased in a virtually indestructible polycarbonate lens and a durable anodized aluminum housing with cast ends. Designed to integrate perfectly with the upper bumper tube, the housing wraps around the profile, providing a low, aerodynamic design that does not block airflow to the radiator. An innovative mounting system based on tubular clamps ensures the mounts are invisible, yet incredibly stable in off-road conditions, with no vibration and an adjustable tilt angle.  Efficiency is the key - the massive heatsink effectively dissipates heat, allowing operation over the full temperature range, even at standstill or low speed.","og_url":"https:\/\/iodperformance.com\/en\/produkt\/arb-intensity-v2-led-light-bar\/","og_site_name":"IOD Performance","article_publisher":"https:\/\/www.facebook.com\/IODshopPL\/","article_modified_time":"2026-02-26T07:09:00+00:00","og_image":[{"width":1500,"height":1500,"url":"https:\/\/iodperformance.com\/wp-content\/uploads\/2025\/05\/image-638.jpeg","type":"image\/jpeg"}],"twitter_card":"summary_large_image","schema":{"@context":"https:\/\/schema.org","@graph":[{"@type":"WebPage","@id":"https:\/\/iodperformance.com\/en\/produkt\/arb-intensity-v2-led-light-bar\/","url":"https:\/\/iodperformance.com\/en\/produkt\/arb-intensity-v2-led-light-bar\/","name":"ARB Intensity V2 LED light bar","isPartOf":{"@id":"https:\/\/iodperformance.com\/#website"},"primaryImageOfPage":{"@id":"https:\/\/iodperformance.com\/en\/produkt\/arb-intensity-v2-led-light-bar\/#primaryimage"},"image":{"@id":"https:\/\/iodperformance.com\/en\/produkt\/arb-intensity-v2-led-light-bar\/#primaryimage"},"thumbnailUrl":"https:\/\/iodperformance.com\/wp-content\/uploads\/2025\/05\/image-638.jpeg","datePublished":"2025-05-16T08:34:19+00:00","dateModified":"2026-02-26T07:09:00+00:00","breadcrumb":{"@id":"https:\/\/iodperformance.com\/en\/produkt\/arb-intensity-v2-led-light-bar\/#breadcrumb"},"inLanguage":"en-US","potentialAction":[{"@type":"ReadAction","target":["https:\/\/iodperformance.com\/en\/produkt\/arb-intensity-v2-led-light-bar\/"]}]},{"@type":"ImageObject","inLanguage":"en-US","@id":"https:\/\/iodperformance.com\/en\/produkt\/arb-intensity-v2-led-light-bar\/#primaryimage","url":"https:\/\/iodperformance.com\/wp-content\/uploads\/2025\/05\/image-638.jpeg","contentUrl":"https:\/\/iodperformance.com\/wp-content\/uploads\/2025\/05\/image-638.jpeg","width":1500,"height":1500},{"@type":"BreadcrumbList","@id":"https:\/\/iodperformance.com\/en\/produkt\/arb-intensity-v2-led-light-bar\/#breadcrumb","itemListElement":[{"@type":"ListItem","position":1,"name":"Strona g\u0142\u00f3wna","item":"https:\/\/iodperformance.com\/en\/"},{"@type":"ListItem","position":2,"name":"Shop","item":"https:\/\/iodperformance.com\/en\/shop\/"},{"@type":"ListItem","position":3,"name":"ARB Intensity V2 LED light bar"}]},{"@type":"WebSite","@id":"https:\/\/iodperformance.com\/#website","url":"https:\/\/iodperformance.com\/","name":"IOD Performance","description":"Producent cz\u0119\u015bci i akcesori\u00f3w samochodowych","publisher":{"@id":"https:\/\/iodperformance.com\/#organization"},"potentialAction":[{"@type":"SearchAction","target":{"@type":"EntryPoint","urlTemplate":"https:\/\/iodperformance.com\/?s={search_term_string}"},"query-input":{"@type":"PropertyValueSpecification","valueRequired":true,"valueName":"search_term_string"}}],"inLanguage":"en-US"},{"@type":"Organization","@id":"https:\/\/iodperformance.com\/#organization","name":"IOD Performance","url":"https:\/\/iodperformance.com\/","logo":{"@type":"ImageObject","inLanguage":"en-US","@id":"https:\/\/iodperformance.com\/#\/schema\/logo\/image\/","url":"https:\/\/iodperformance.com\/wp-content\/uploads\/2025\/02\/logo_V2.png","contentUrl":"https:\/\/iodperformance.com\/wp-content\/uploads\/2025\/02\/logo_V2.png","width":2560,"height":1076,"caption":"IOD Performance"},"image":{"@id":"https:\/\/iodperformance.com\/#\/schema\/logo\/image\/"},"sameAs":["https:\/\/www.facebook.com\/IODshopPL\/","https:\/\/www.instagram.com\/iodperformance\/","https:\/\/www.youtube.com\/@iodperformance"]}]}},"_links":{"self":[{"href":"https:\/\/iodperformance.com\/en\/wp-json\/wp\/v2\/product\/11374","targetHints":{"allow":["GET"]}}],"collection":[{"href":"https:\/\/iodperformance.com\/en\/wp-json\/wp\/v2\/product"}],"about":[{"href":"https:\/\/iodperformance.com\/en\/wp-json\/wp\/v2\/types\/product"}],"version-history":[{"count":0,"href":"https:\/\/iodperformance.com\/en\/wp-json\/wp\/v2\/product\/11374\/revisions"}],"wp:featuredmedia":[{"embeddable":true,"href":"https:\/\/iodperformance.com\/en\/wp-json\/wp\/v2\/media\/11344"}],"wp:attachment":[{"href":"https:\/\/iodperformance.com\/en\/wp-json\/wp\/v2\/media?parent=11374"}],"wp:term":[{"taxonomy":"product_brand","embeddable":true,"href":"https:\/\/iodperformance.com\/en\/wp-json\/wp\/v2\/product_brand?post=11374"},{"taxonomy":"product_cat","embeddable":true,"href":"https:\/\/iodperformance.com\/en\/wp-json\/wp\/v2\/product_cat?post=11374"},{"taxonomy":"product_tag","embeddable":true,"href":"https:\/\/iodperformance.com\/en\/wp-json\/wp\/v2\/product_tag?post=11374"}],"curies":[{"name":"wp","href":"https:\/\/api.w.org\/{rel}","templated":true}]}}