{"id":11372,"date":"2025-05-16T10:34:11","date_gmt":"2025-05-16T08:34:11","guid":{"rendered":"https:\/\/iodperformance.com\/produkt\/arb-intensity-v2-led-spotlight\/"},"modified":"2026-02-26T08:08:59","modified_gmt":"2026-02-26T07:08:59","slug":"arb-intensity-v2-led-spotlight","status":"publish","type":"product","link":"https:\/\/iodperformance.com\/en\/produkt\/arb-intensity-v2-led-spotlight\/","title":{"rendered":"ARB Intensity V2 LED Spotlight"},"content":{"rendered":"<ul>\n<li>Die-cast aluminum housing<\/li>\n<li>IP68-rated dustproof and waterproof<\/li>\n<li>Requires ARB power harness (dedicated loom)<\/li>\n<li>Indestructible hardened polycarbonate lens<\/li>\n<li>32 or 21 OSRAM GIANTS LEDs (depending on the model).<\/li>\n<li>Hyperspot spot technology<\/li>\n<li>Lifespan: 50,000 hours<\/li>\n<li>GORE-TEX filter with pressure seal<\/li>\n<li>Reverse polarity protection<\/li>\n<li>Meets vibration resistance standards according to MIL810-STDG (exceeds military requirements)<\/li>\n<\/ul>\n","protected":false},"excerpt":{"rendered":"<p>ARB Intensity V2 LED headlights with Hyperspot technology and OSRAM GIANTS LEDs &#8211; maximum brightness, range and reliability in all field conditions.<br \/>\nIntroducing ARB Intensity V2 &#8211; a new generation of LED headlights combining the latest optical technology and OSRAM GIANTS LEDs with subtle styling changes. The housing has remained the same as the previous version, but the interior is a completely new quality. <\/p>\n<p>The Intensity V2 headlights are available in two configurations:<\/p>\n<p>Spot (long-range) &#8211; with advanced Hyperspot optics that focus light and direct it precisely over a long distance,<\/p>\n<p>Flood (diffuse) &#8211; with a new optical system that better illuminates the shoulders and space in front of the vehicle.<\/p>\n<p>The combination of the two versions provides maximum range along the road and wide side visibility. OSRAM GIANTS LEDs provide enormous light output &#8211; as much as 20,000 lumens for the AR32 (165W) and 13,170 lumens for the AR21 (105W). <\/p>\n<p>Thanks to a clever die-cast aluminum construction, the headlamps quickly dissipate heat, and active thermal management protects the electronics from overheating. IP68 rating, shock resistance (MIL810-STDG certified) and the use of polycarbonate hardened lenses guarantee reliability in extreme conditions. <\/p>\n","protected":false},"featured_media":11335,"template":"","meta":[],"product_brand":[344],"product_cat":[495],"product_tag":[426],"class_list":{"0":"post-11372","1":"product","2":"type-product","3":"status-publish","4":"has-post-thumbnail","6":"product_brand-arb-en","7":"product_cat-covers-and-mounts","8":"product_tag-arb-en","10":"first","11":"instock","12":"taxable","13":"shipping-taxable","14":"purchasable","15":"product-type-simple"},"bundled_by":[],"bundle_stock_status":"instock","bundle_stock_quantity":null,"bundle_virtual":false,"bundle_layout":"","bundle_add_to_cart_form_location":"","bundle_editable_in_cart":false,"bundle_sold_individually_context":"","bundle_item_grouping":"","bundle_min_size":"","bundle_max_size":"","bundle_price":[],"bundled_items":[],"bundle_sell_ids":[],"yoast_head":"<!-- This site is optimized with the Yoast SEO plugin v27.2 - https:\/\/yoast.com\/product\/yoast-seo-wordpress\/ -->\n<title>ARB Intensity V2 LED Spotlight<\/title>\n<meta name=\"robots\" content=\"index, follow, max-snippet:-1, max-image-preview:large, max-video-preview:-1\" \/>\n<link rel=\"canonical\" href=\"https:\/\/iodperformance.com\/en\/produkt\/arb-intensity-v2-led-spotlight\/\" \/>\n<meta property=\"og:locale\" content=\"en_US\" \/>\n<meta property=\"og:type\" content=\"article\" \/>\n<meta property=\"og:title\" content=\"ARB Intensity V2 LED Spotlight\" \/>\n<meta property=\"og:description\" content=\"ARB Intensity V2 LED headlights with Hyperspot technology and OSRAM GIANTS LEDs - maximum brightness, range and reliability in all field conditions. Introducing ARB Intensity V2 - a new generation of LED headlights combining the latest optical technology and OSRAM GIANTS LEDs with subtle styling changes. The housing has remained the same as the previous version, but the interior is a completely new quality.  The Intensity V2 headlights are available in two configurations: Spot (long-range) - with advanced Hyperspot optics that focus light and direct it precisely over a long distance, Flood (diffuse) - with a new optical system that better illuminates the shoulders and space in front of the vehicle. The combination of the two versions provides maximum range along the road and wide side visibility. OSRAM GIANTS LEDs provide enormous light output - as much as 20,000 lumens for the AR32 (165W) and 13,170 lumens for the AR21 (105W).  Thanks to a clever die-cast aluminum construction, the headlamps quickly dissipate heat, and active thermal management protects the electronics from overheating. IP68 rating, shock resistance (MIL810-STDG certified) and the use of polycarbonate hardened lenses guarantee reliability in extreme conditions.\" \/>\n<meta property=\"og:url\" content=\"https:\/\/iodperformance.com\/en\/produkt\/arb-intensity-v2-led-spotlight\/\" \/>\n<meta property=\"og:site_name\" content=\"IOD Performance\" \/>\n<meta property=\"article:publisher\" content=\"https:\/\/www.facebook.com\/IODshopPL\/\" \/>\n<meta property=\"article:modified_time\" content=\"2026-02-26T07:08:59+00:00\" \/>\n<meta property=\"og:image\" content=\"https:\/\/iodperformance.com\/wp-content\/uploads\/2025\/05\/image-634.jpeg\" \/>\n\t<meta property=\"og:image:width\" content=\"1500\" \/>\n\t<meta property=\"og:image:height\" content=\"1500\" \/>\n\t<meta property=\"og:image:type\" content=\"image\/jpeg\" \/>\n<meta name=\"twitter:card\" content=\"summary_large_image\" \/>\n<script type=\"application\/ld+json\" class=\"yoast-schema-graph\">{\"@context\":\"https:\/\/schema.org\",\"@graph\":[{\"@type\":\"WebPage\",\"@id\":\"https:\/\/iodperformance.com\/en\/produkt\/arb-intensity-v2-led-spotlight\/\",\"url\":\"https:\/\/iodperformance.com\/en\/produkt\/arb-intensity-v2-led-spotlight\/\",\"name\":\"ARB Intensity V2 LED Spotlight\",\"isPartOf\":{\"@id\":\"https:\/\/iodperformance.com\/#website\"},\"primaryImageOfPage\":{\"@id\":\"https:\/\/iodperformance.com\/en\/produkt\/arb-intensity-v2-led-spotlight\/#primaryimage\"},\"image\":{\"@id\":\"https:\/\/iodperformance.com\/en\/produkt\/arb-intensity-v2-led-spotlight\/#primaryimage\"},\"thumbnailUrl\":\"https:\/\/iodperformance.com\/wp-content\/uploads\/2025\/05\/image-634.jpeg\",\"datePublished\":\"2025-05-16T08:34:11+00:00\",\"dateModified\":\"2026-02-26T07:08:59+00:00\",\"breadcrumb\":{\"@id\":\"https:\/\/iodperformance.com\/en\/produkt\/arb-intensity-v2-led-spotlight\/#breadcrumb\"},\"inLanguage\":\"en-US\",\"potentialAction\":[{\"@type\":\"ReadAction\",\"target\":[\"https:\/\/iodperformance.com\/en\/produkt\/arb-intensity-v2-led-spotlight\/\"]}]},{\"@type\":\"ImageObject\",\"inLanguage\":\"en-US\",\"@id\":\"https:\/\/iodperformance.com\/en\/produkt\/arb-intensity-v2-led-spotlight\/#primaryimage\",\"url\":\"https:\/\/iodperformance.com\/wp-content\/uploads\/2025\/05\/image-634.jpeg\",\"contentUrl\":\"https:\/\/iodperformance.com\/wp-content\/uploads\/2025\/05\/image-634.jpeg\",\"width\":1500,\"height\":1500},{\"@type\":\"BreadcrumbList\",\"@id\":\"https:\/\/iodperformance.com\/en\/produkt\/arb-intensity-v2-led-spotlight\/#breadcrumb\",\"itemListElement\":[{\"@type\":\"ListItem\",\"position\":1,\"name\":\"Strona g\u0142\u00f3wna\",\"item\":\"https:\/\/iodperformance.com\/en\/\"},{\"@type\":\"ListItem\",\"position\":2,\"name\":\"Shop\",\"item\":\"https:\/\/iodperformance.com\/en\/shop\/\"},{\"@type\":\"ListItem\",\"position\":3,\"name\":\"ARB Intensity V2 LED Spotlight\"}]},{\"@type\":\"WebSite\",\"@id\":\"https:\/\/iodperformance.com\/#website\",\"url\":\"https:\/\/iodperformance.com\/\",\"name\":\"IOD Performance\",\"description\":\"Producent cz\u0119\u015bci i akcesori\u00f3w samochodowych\",\"publisher\":{\"@id\":\"https:\/\/iodperformance.com\/#organization\"},\"potentialAction\":[{\"@type\":\"SearchAction\",\"target\":{\"@type\":\"EntryPoint\",\"urlTemplate\":\"https:\/\/iodperformance.com\/?s={search_term_string}\"},\"query-input\":{\"@type\":\"PropertyValueSpecification\",\"valueRequired\":true,\"valueName\":\"search_term_string\"}}],\"inLanguage\":\"en-US\"},{\"@type\":\"Organization\",\"@id\":\"https:\/\/iodperformance.com\/#organization\",\"name\":\"IOD Performance\",\"url\":\"https:\/\/iodperformance.com\/\",\"logo\":{\"@type\":\"ImageObject\",\"inLanguage\":\"en-US\",\"@id\":\"https:\/\/iodperformance.com\/#\/schema\/logo\/image\/\",\"url\":\"https:\/\/iodperformance.com\/wp-content\/uploads\/2025\/02\/logo_V2.png\",\"contentUrl\":\"https:\/\/iodperformance.com\/wp-content\/uploads\/2025\/02\/logo_V2.png\",\"width\":2560,\"height\":1076,\"caption\":\"IOD Performance\"},\"image\":{\"@id\":\"https:\/\/iodperformance.com\/#\/schema\/logo\/image\/\"},\"sameAs\":[\"https:\/\/www.facebook.com\/IODshopPL\/\",\"https:\/\/www.instagram.com\/iodperformance\/\",\"https:\/\/www.youtube.com\/@iodperformance\"]}]}<\/script>\n<!-- \/ Yoast SEO plugin. -->","yoast_head_json":{"title":"ARB Intensity V2 LED Spotlight","robots":{"index":"index","follow":"follow","max-snippet":"max-snippet:-1","max-image-preview":"max-image-preview:large","max-video-preview":"max-video-preview:-1"},"canonical":"https:\/\/iodperformance.com\/en\/produkt\/arb-intensity-v2-led-spotlight\/","og_locale":"en_US","og_type":"article","og_title":"ARB Intensity V2 LED Spotlight","og_description":"ARB Intensity V2 LED headlights with Hyperspot technology and OSRAM GIANTS LEDs - maximum brightness, range and reliability in all field conditions. Introducing ARB Intensity V2 - a new generation of LED headlights combining the latest optical technology and OSRAM GIANTS LEDs with subtle styling changes. The housing has remained the same as the previous version, but the interior is a completely new quality.  The Intensity V2 headlights are available in two configurations: Spot (long-range) - with advanced Hyperspot optics that focus light and direct it precisely over a long distance, Flood (diffuse) - with a new optical system that better illuminates the shoulders and space in front of the vehicle. The combination of the two versions provides maximum range along the road and wide side visibility. OSRAM GIANTS LEDs provide enormous light output - as much as 20,000 lumens for the AR32 (165W) and 13,170 lumens for the AR21 (105W).  Thanks to a clever die-cast aluminum construction, the headlamps quickly dissipate heat, and active thermal management protects the electronics from overheating. IP68 rating, shock resistance (MIL810-STDG certified) and the use of polycarbonate hardened lenses guarantee reliability in extreme conditions.","og_url":"https:\/\/iodperformance.com\/en\/produkt\/arb-intensity-v2-led-spotlight\/","og_site_name":"IOD Performance","article_publisher":"https:\/\/www.facebook.com\/IODshopPL\/","article_modified_time":"2026-02-26T07:08:59+00:00","og_image":[{"width":1500,"height":1500,"url":"https:\/\/iodperformance.com\/wp-content\/uploads\/2025\/05\/image-634.jpeg","type":"image\/jpeg"}],"twitter_card":"summary_large_image","schema":{"@context":"https:\/\/schema.org","@graph":[{"@type":"WebPage","@id":"https:\/\/iodperformance.com\/en\/produkt\/arb-intensity-v2-led-spotlight\/","url":"https:\/\/iodperformance.com\/en\/produkt\/arb-intensity-v2-led-spotlight\/","name":"ARB Intensity V2 LED Spotlight","isPartOf":{"@id":"https:\/\/iodperformance.com\/#website"},"primaryImageOfPage":{"@id":"https:\/\/iodperformance.com\/en\/produkt\/arb-intensity-v2-led-spotlight\/#primaryimage"},"image":{"@id":"https:\/\/iodperformance.com\/en\/produkt\/arb-intensity-v2-led-spotlight\/#primaryimage"},"thumbnailUrl":"https:\/\/iodperformance.com\/wp-content\/uploads\/2025\/05\/image-634.jpeg","datePublished":"2025-05-16T08:34:11+00:00","dateModified":"2026-02-26T07:08:59+00:00","breadcrumb":{"@id":"https:\/\/iodperformance.com\/en\/produkt\/arb-intensity-v2-led-spotlight\/#breadcrumb"},"inLanguage":"en-US","potentialAction":[{"@type":"ReadAction","target":["https:\/\/iodperformance.com\/en\/produkt\/arb-intensity-v2-led-spotlight\/"]}]},{"@type":"ImageObject","inLanguage":"en-US","@id":"https:\/\/iodperformance.com\/en\/produkt\/arb-intensity-v2-led-spotlight\/#primaryimage","url":"https:\/\/iodperformance.com\/wp-content\/uploads\/2025\/05\/image-634.jpeg","contentUrl":"https:\/\/iodperformance.com\/wp-content\/uploads\/2025\/05\/image-634.jpeg","width":1500,"height":1500},{"@type":"BreadcrumbList","@id":"https:\/\/iodperformance.com\/en\/produkt\/arb-intensity-v2-led-spotlight\/#breadcrumb","itemListElement":[{"@type":"ListItem","position":1,"name":"Strona g\u0142\u00f3wna","item":"https:\/\/iodperformance.com\/en\/"},{"@type":"ListItem","position":2,"name":"Shop","item":"https:\/\/iodperformance.com\/en\/shop\/"},{"@type":"ListItem","position":3,"name":"ARB Intensity V2 LED Spotlight"}]},{"@type":"WebSite","@id":"https:\/\/iodperformance.com\/#website","url":"https:\/\/iodperformance.com\/","name":"IOD Performance","description":"Producent cz\u0119\u015bci i akcesori\u00f3w samochodowych","publisher":{"@id":"https:\/\/iodperformance.com\/#organization"},"potentialAction":[{"@type":"SearchAction","target":{"@type":"EntryPoint","urlTemplate":"https:\/\/iodperformance.com\/?s={search_term_string}"},"query-input":{"@type":"PropertyValueSpecification","valueRequired":true,"valueName":"search_term_string"}}],"inLanguage":"en-US"},{"@type":"Organization","@id":"https:\/\/iodperformance.com\/#organization","name":"IOD Performance","url":"https:\/\/iodperformance.com\/","logo":{"@type":"ImageObject","inLanguage":"en-US","@id":"https:\/\/iodperformance.com\/#\/schema\/logo\/image\/","url":"https:\/\/iodperformance.com\/wp-content\/uploads\/2025\/02\/logo_V2.png","contentUrl":"https:\/\/iodperformance.com\/wp-content\/uploads\/2025\/02\/logo_V2.png","width":2560,"height":1076,"caption":"IOD Performance"},"image":{"@id":"https:\/\/iodperformance.com\/#\/schema\/logo\/image\/"},"sameAs":["https:\/\/www.facebook.com\/IODshopPL\/","https:\/\/www.instagram.com\/iodperformance\/","https:\/\/www.youtube.com\/@iodperformance"]}]}},"_links":{"self":[{"href":"https:\/\/iodperformance.com\/en\/wp-json\/wp\/v2\/product\/11372","targetHints":{"allow":["GET"]}}],"collection":[{"href":"https:\/\/iodperformance.com\/en\/wp-json\/wp\/v2\/product"}],"about":[{"href":"https:\/\/iodperformance.com\/en\/wp-json\/wp\/v2\/types\/product"}],"version-history":[{"count":0,"href":"https:\/\/iodperformance.com\/en\/wp-json\/wp\/v2\/product\/11372\/revisions"}],"wp:featuredmedia":[{"embeddable":true,"href":"https:\/\/iodperformance.com\/en\/wp-json\/wp\/v2\/media\/11335"}],"wp:attachment":[{"href":"https:\/\/iodperformance.com\/en\/wp-json\/wp\/v2\/media?parent=11372"}],"wp:term":[{"taxonomy":"product_brand","embeddable":true,"href":"https:\/\/iodperformance.com\/en\/wp-json\/wp\/v2\/product_brand?post=11372"},{"taxonomy":"product_cat","embeddable":true,"href":"https:\/\/iodperformance.com\/en\/wp-json\/wp\/v2\/product_cat?post=11372"},{"taxonomy":"product_tag","embeddable":true,"href":"https:\/\/iodperformance.com\/en\/wp-json\/wp\/v2\/product_tag?post=11372"}],"curies":[{"name":"wp","href":"https:\/\/api.w.org\/{rel}","templated":true}]}}