{"id":11217,"date":"2025-05-16T07:54:58","date_gmt":"2025-05-16T05:54:58","guid":{"rendered":"https:\/\/iodperformance.com\/produkt\/trade-safety-railing-length-2125-mm\/"},"modified":"2026-02-26T08:08:55","modified_gmt":"2026-02-26T07:08:55","slug":"trade-safety-railing-length-2125-mm","status":"publish","type":"product","link":"https:\/\/iodperformance.com\/en\/produkt\/trade-safety-railing-length-2125-mm\/","title":{"rendered":"TRADE safety railing, length 2125 mm"},"content":{"rendered":"<p><strong>OPTIONS AVAILABLE:<\/strong><\/p>\n<p><strong>FULL PORTS<\/strong><br \/>Created with travelers in mind. The handrails that run around the entire perimeter of the trunk act as a restraint, preventing larger items (e.g. tents, swag) from sliding around during loading, unloading and transport. <\/p>\n<p><strong>3\/4 handrails<\/strong><br \/>A compromise between full and commercial handrails. 3\/4 handrails, combined with an optional set of rollers, make it easier to load large and bulky items from the rear while providing security from the front. Also adapted for rear-folding roof tents (depending on the width of the tent).  <\/p>\n<p><strong>PORTS 1\/4<\/strong><br \/>Ideal for campers. They work great in conjunction with rooftop tents, while offering plenty of storage space and securing cargo to the front of the trunk. <\/p>\n<p><strong>TRADING RACKS<\/strong><br \/>Designed to carry long items such as wood or ladders. An optional set of rollers makes it easy to slide long or bulky items onto the carrier. The side rails prevent cargo from sliding off and allow you to use the entire surface area right up to the edges.  <\/p>\n<p><strong>Key features of BASE Rack handrails:<\/strong><br \/>&#8211; Handrail kits available in configurations: full, commercial, 1\/4 and 3\/4<br \/>&#8211; Cast aluminum corner caps attached to fully welded side or cross beams<br \/>&#8211; Aluminum corner caps<br \/>&#8211; Aluminum vertical brackets<br \/>&#8211; Mounted to BASE Rack structure using Torx M6, M8 screws and nyloc self-locking nuts<br \/>&#8211; Caps included with 1\/4, 3\/4 and commercial kits.<\/p>\n","protected":false},"excerpt":{"rendered":"<p>ARB BASE Rack guardrails are available in four different configurations. The optional handrails are mounted to a perimeter dovetail profile and can be easily removed or attached as needed.<br \/>Importantly, the use of the handrails does not limit the cargo space of the rack &#8211; the other BASE Rack accessories can still be mounted on its outer perimeter. <\/p>\n","protected":false},"featured_media":11199,"template":"","meta":[],"product_brand":[344],"product_cat":[274],"product_tag":[426],"class_list":{"0":"post-11217","1":"product","2":"type-product","3":"status-publish","4":"has-post-thumbnail","6":"product_brand-arb-en","7":"product_cat-luggage-racks","8":"product_tag-arb-en","10":"first","11":"instock","12":"taxable","13":"shipping-taxable","14":"purchasable","15":"product-type-simple"},"bundled_by":[],"bundle_stock_status":"instock","bundle_stock_quantity":null,"bundle_virtual":false,"bundle_layout":"","bundle_add_to_cart_form_location":"","bundle_editable_in_cart":false,"bundle_sold_individually_context":"","bundle_item_grouping":"","bundle_min_size":"","bundle_max_size":"","bundle_price":[],"bundled_items":[],"bundle_sell_ids":[],"yoast_head":"<!-- This site is optimized with the Yoast SEO plugin v27.2 - https:\/\/yoast.com\/product\/yoast-seo-wordpress\/ -->\n<title>TRADE safety railing, length 2125 mm<\/title>\n<meta name=\"robots\" content=\"index, follow, max-snippet:-1, max-image-preview:large, max-video-preview:-1\" \/>\n<link rel=\"canonical\" href=\"https:\/\/iodperformance.com\/en\/produkt\/trade-safety-railing-length-2125-mm\/\" \/>\n<meta property=\"og:locale\" content=\"en_US\" \/>\n<meta property=\"og:type\" content=\"article\" \/>\n<meta property=\"og:title\" content=\"TRADE safety railing, length 2125 mm\" \/>\n<meta property=\"og:description\" content=\"ARB BASE Rack guardrails are available in four different configurations. The optional handrails are mounted to a perimeter dovetail profile and can be easily removed or attached as needed.Importantly, the use of the handrails does not limit the cargo space of the rack - the other BASE Rack accessories can still be mounted on its outer perimeter.\" \/>\n<meta property=\"og:url\" content=\"https:\/\/iodperformance.com\/en\/produkt\/trade-safety-railing-length-2125-mm\/\" \/>\n<meta property=\"og:site_name\" content=\"IOD Performance\" \/>\n<meta property=\"article:publisher\" content=\"https:\/\/www.facebook.com\/IODshopPL\/\" \/>\n<meta property=\"article:modified_time\" content=\"2026-02-26T07:08:55+00:00\" \/>\n<meta property=\"og:image\" content=\"https:\/\/iodperformance.com\/wp-content\/uploads\/2025\/05\/image-591.jpeg\" \/>\n\t<meta property=\"og:image:width\" content=\"1500\" \/>\n\t<meta property=\"og:image:height\" content=\"1500\" \/>\n\t<meta property=\"og:image:type\" content=\"image\/jpeg\" \/>\n<meta name=\"twitter:card\" content=\"summary_large_image\" \/>\n<meta name=\"twitter:label1\" content=\"Est. reading time\" \/>\n\t<meta name=\"twitter:data1\" content=\"1 minute\" \/>\n<script type=\"application\/ld+json\" class=\"yoast-schema-graph\">{\"@context\":\"https:\/\/schema.org\",\"@graph\":[{\"@type\":\"WebPage\",\"@id\":\"https:\/\/iodperformance.com\/en\/produkt\/trade-safety-railing-length-2125-mm\/\",\"url\":\"https:\/\/iodperformance.com\/en\/produkt\/trade-safety-railing-length-2125-mm\/\",\"name\":\"TRADE safety railing, length 2125 mm\",\"isPartOf\":{\"@id\":\"https:\/\/iodperformance.com\/#website\"},\"primaryImageOfPage\":{\"@id\":\"https:\/\/iodperformance.com\/en\/produkt\/trade-safety-railing-length-2125-mm\/#primaryimage\"},\"image\":{\"@id\":\"https:\/\/iodperformance.com\/en\/produkt\/trade-safety-railing-length-2125-mm\/#primaryimage\"},\"thumbnailUrl\":\"https:\/\/iodperformance.com\/wp-content\/uploads\/2025\/05\/image-591.jpeg\",\"datePublished\":\"2025-05-16T05:54:58+00:00\",\"dateModified\":\"2026-02-26T07:08:55+00:00\",\"breadcrumb\":{\"@id\":\"https:\/\/iodperformance.com\/en\/produkt\/trade-safety-railing-length-2125-mm\/#breadcrumb\"},\"inLanguage\":\"en-US\",\"potentialAction\":[{\"@type\":\"ReadAction\",\"target\":[\"https:\/\/iodperformance.com\/en\/produkt\/trade-safety-railing-length-2125-mm\/\"]}]},{\"@type\":\"ImageObject\",\"inLanguage\":\"en-US\",\"@id\":\"https:\/\/iodperformance.com\/en\/produkt\/trade-safety-railing-length-2125-mm\/#primaryimage\",\"url\":\"https:\/\/iodperformance.com\/wp-content\/uploads\/2025\/05\/image-591.jpeg\",\"contentUrl\":\"https:\/\/iodperformance.com\/wp-content\/uploads\/2025\/05\/image-591.jpeg\",\"width\":1500,\"height\":1500},{\"@type\":\"BreadcrumbList\",\"@id\":\"https:\/\/iodperformance.com\/en\/produkt\/trade-safety-railing-length-2125-mm\/#breadcrumb\",\"itemListElement\":[{\"@type\":\"ListItem\",\"position\":1,\"name\":\"Strona g\u0142\u00f3wna\",\"item\":\"https:\/\/iodperformance.com\/en\/\"},{\"@type\":\"ListItem\",\"position\":2,\"name\":\"Shop\",\"item\":\"https:\/\/iodperformance.com\/en\/shop\/\"},{\"@type\":\"ListItem\",\"position\":3,\"name\":\"TRADE safety railing, length 2125 mm\"}]},{\"@type\":\"WebSite\",\"@id\":\"https:\/\/iodperformance.com\/#website\",\"url\":\"https:\/\/iodperformance.com\/\",\"name\":\"IOD Performance\",\"description\":\"Producent cz\u0119\u015bci i akcesori\u00f3w samochodowych\",\"publisher\":{\"@id\":\"https:\/\/iodperformance.com\/#organization\"},\"potentialAction\":[{\"@type\":\"SearchAction\",\"target\":{\"@type\":\"EntryPoint\",\"urlTemplate\":\"https:\/\/iodperformance.com\/?s={search_term_string}\"},\"query-input\":{\"@type\":\"PropertyValueSpecification\",\"valueRequired\":true,\"valueName\":\"search_term_string\"}}],\"inLanguage\":\"en-US\"},{\"@type\":\"Organization\",\"@id\":\"https:\/\/iodperformance.com\/#organization\",\"name\":\"IOD Performance\",\"url\":\"https:\/\/iodperformance.com\/\",\"logo\":{\"@type\":\"ImageObject\",\"inLanguage\":\"en-US\",\"@id\":\"https:\/\/iodperformance.com\/#\/schema\/logo\/image\/\",\"url\":\"https:\/\/iodperformance.com\/wp-content\/uploads\/2025\/02\/logo_V2.png\",\"contentUrl\":\"https:\/\/iodperformance.com\/wp-content\/uploads\/2025\/02\/logo_V2.png\",\"width\":2560,\"height\":1076,\"caption\":\"IOD Performance\"},\"image\":{\"@id\":\"https:\/\/iodperformance.com\/#\/schema\/logo\/image\/\"},\"sameAs\":[\"https:\/\/www.facebook.com\/IODshopPL\/\",\"https:\/\/www.instagram.com\/iodperformance\/\",\"https:\/\/www.youtube.com\/@iodperformance\"]}]}<\/script>\n<!-- \/ Yoast SEO plugin. -->","yoast_head_json":{"title":"TRADE safety railing, length 2125 mm","robots":{"index":"index","follow":"follow","max-snippet":"max-snippet:-1","max-image-preview":"max-image-preview:large","max-video-preview":"max-video-preview:-1"},"canonical":"https:\/\/iodperformance.com\/en\/produkt\/trade-safety-railing-length-2125-mm\/","og_locale":"en_US","og_type":"article","og_title":"TRADE safety railing, length 2125 mm","og_description":"ARB BASE Rack guardrails are available in four different configurations. The optional handrails are mounted to a perimeter dovetail profile and can be easily removed or attached as needed.Importantly, the use of the handrails does not limit the cargo space of the rack - the other BASE Rack accessories can still be mounted on its outer perimeter.","og_url":"https:\/\/iodperformance.com\/en\/produkt\/trade-safety-railing-length-2125-mm\/","og_site_name":"IOD Performance","article_publisher":"https:\/\/www.facebook.com\/IODshopPL\/","article_modified_time":"2026-02-26T07:08:55+00:00","og_image":[{"width":1500,"height":1500,"url":"https:\/\/iodperformance.com\/wp-content\/uploads\/2025\/05\/image-591.jpeg","type":"image\/jpeg"}],"twitter_card":"summary_large_image","twitter_misc":{"Est. reading time":"1 minute"},"schema":{"@context":"https:\/\/schema.org","@graph":[{"@type":"WebPage","@id":"https:\/\/iodperformance.com\/en\/produkt\/trade-safety-railing-length-2125-mm\/","url":"https:\/\/iodperformance.com\/en\/produkt\/trade-safety-railing-length-2125-mm\/","name":"TRADE safety railing, length 2125 mm","isPartOf":{"@id":"https:\/\/iodperformance.com\/#website"},"primaryImageOfPage":{"@id":"https:\/\/iodperformance.com\/en\/produkt\/trade-safety-railing-length-2125-mm\/#primaryimage"},"image":{"@id":"https:\/\/iodperformance.com\/en\/produkt\/trade-safety-railing-length-2125-mm\/#primaryimage"},"thumbnailUrl":"https:\/\/iodperformance.com\/wp-content\/uploads\/2025\/05\/image-591.jpeg","datePublished":"2025-05-16T05:54:58+00:00","dateModified":"2026-02-26T07:08:55+00:00","breadcrumb":{"@id":"https:\/\/iodperformance.com\/en\/produkt\/trade-safety-railing-length-2125-mm\/#breadcrumb"},"inLanguage":"en-US","potentialAction":[{"@type":"ReadAction","target":["https:\/\/iodperformance.com\/en\/produkt\/trade-safety-railing-length-2125-mm\/"]}]},{"@type":"ImageObject","inLanguage":"en-US","@id":"https:\/\/iodperformance.com\/en\/produkt\/trade-safety-railing-length-2125-mm\/#primaryimage","url":"https:\/\/iodperformance.com\/wp-content\/uploads\/2025\/05\/image-591.jpeg","contentUrl":"https:\/\/iodperformance.com\/wp-content\/uploads\/2025\/05\/image-591.jpeg","width":1500,"height":1500},{"@type":"BreadcrumbList","@id":"https:\/\/iodperformance.com\/en\/produkt\/trade-safety-railing-length-2125-mm\/#breadcrumb","itemListElement":[{"@type":"ListItem","position":1,"name":"Strona g\u0142\u00f3wna","item":"https:\/\/iodperformance.com\/en\/"},{"@type":"ListItem","position":2,"name":"Shop","item":"https:\/\/iodperformance.com\/en\/shop\/"},{"@type":"ListItem","position":3,"name":"TRADE safety railing, length 2125 mm"}]},{"@type":"WebSite","@id":"https:\/\/iodperformance.com\/#website","url":"https:\/\/iodperformance.com\/","name":"IOD Performance","description":"Producent cz\u0119\u015bci i akcesori\u00f3w samochodowych","publisher":{"@id":"https:\/\/iodperformance.com\/#organization"},"potentialAction":[{"@type":"SearchAction","target":{"@type":"EntryPoint","urlTemplate":"https:\/\/iodperformance.com\/?s={search_term_string}"},"query-input":{"@type":"PropertyValueSpecification","valueRequired":true,"valueName":"search_term_string"}}],"inLanguage":"en-US"},{"@type":"Organization","@id":"https:\/\/iodperformance.com\/#organization","name":"IOD Performance","url":"https:\/\/iodperformance.com\/","logo":{"@type":"ImageObject","inLanguage":"en-US","@id":"https:\/\/iodperformance.com\/#\/schema\/logo\/image\/","url":"https:\/\/iodperformance.com\/wp-content\/uploads\/2025\/02\/logo_V2.png","contentUrl":"https:\/\/iodperformance.com\/wp-content\/uploads\/2025\/02\/logo_V2.png","width":2560,"height":1076,"caption":"IOD Performance"},"image":{"@id":"https:\/\/iodperformance.com\/#\/schema\/logo\/image\/"},"sameAs":["https:\/\/www.facebook.com\/IODshopPL\/","https:\/\/www.instagram.com\/iodperformance\/","https:\/\/www.youtube.com\/@iodperformance"]}]}},"_links":{"self":[{"href":"https:\/\/iodperformance.com\/en\/wp-json\/wp\/v2\/product\/11217","targetHints":{"allow":["GET"]}}],"collection":[{"href":"https:\/\/iodperformance.com\/en\/wp-json\/wp\/v2\/product"}],"about":[{"href":"https:\/\/iodperformance.com\/en\/wp-json\/wp\/v2\/types\/product"}],"version-history":[{"count":0,"href":"https:\/\/iodperformance.com\/en\/wp-json\/wp\/v2\/product\/11217\/revisions"}],"wp:featuredmedia":[{"embeddable":true,"href":"https:\/\/iodperformance.com\/en\/wp-json\/wp\/v2\/media\/11199"}],"wp:attachment":[{"href":"https:\/\/iodperformance.com\/en\/wp-json\/wp\/v2\/media?parent=11217"}],"wp:term":[{"taxonomy":"product_brand","embeddable":true,"href":"https:\/\/iodperformance.com\/en\/wp-json\/wp\/v2\/product_brand?post=11217"},{"taxonomy":"product_cat","embeddable":true,"href":"https:\/\/iodperformance.com\/en\/wp-json\/wp\/v2\/product_cat?post=11217"},{"taxonomy":"product_tag","embeddable":true,"href":"https:\/\/iodperformance.com\/en\/wp-json\/wp\/v2\/product_tag?post=11217"}],"curies":[{"name":"wp","href":"https:\/\/api.w.org\/{rel}","templated":true}]}}