{"id":11120,"date":"2025-05-16T07:53:32","date_gmt":"2025-05-16T05:53:32","guid":{"rendered":"https:\/\/iodperformance.com\/produkt\/baserack-gutter-mount-6-legged-gu-76-h1\/"},"modified":"2026-02-26T08:08:52","modified_gmt":"2026-02-26T07:08:52","slug":"baserack-gutter-mount-6-legged-gu-76-h1","status":"publish","type":"product","link":"https:\/\/iodperformance.com\/en\/produkt\/baserack-gutter-mount-6-legged-gu-76-h1\/","title":{"rendered":"BASERACK gutter mount, 6-legged, GU\/76 H1"},"content":{"rendered":"<p>Installation of the BASE Rack system using a traditional roof gutter mount is done in a few simple steps:<\/p>\n<p>1. take measurements of the vehicle roof to determine the spacing of the legs. The length of the rack and the number of legs determine their spacing &#8211; a maximum of 1 protruding beam at each end and no more than 2 beams between support points.<br \/>2. M8 mounting plates are slipped into the BASE Rack beam profile and attached to the leg assembly.<br \/>3. The BASE Rack &#8220;blade&#8221; bracket is attached to the underside of the rack using BASE Rack mounting plates, M8 bolts, washers and nyloc self-locking nuts. The optional deflector can be installed at this stage.<br \/>4. The BASE Rack with the brackets and roof gutter guides installed is mounted on the roof of the vehicle and fastened with M8 bolts and washers.  <\/p>\n<p><strong>FEATURES:<\/strong><\/p>\n<ul>\n<li>Various vehicle applications &#8211; for a complete list, see Product Bulletin No. 1299: ARB BASE Rack Fitment Matrix<\/li>\n<li>It is recommended to install an optional wind deflector made of bent 1.6 mm powder-coated aluminum sheet or ARB Roof Rack LED strip under the front beam to reduce wind noise<\/li>\n<li>ARB Roof Rack LED strip (part number 1780500) can be installed together with or instead of the deflector under the front bar<\/li>\n<li>Maximum load per BASE Rack bar: 25 kg. Actual net load capacity depends on vehicle specifications. Loads must be evenly distributed and properly secured  <\/li>\n<li>Required tools for installation: 1x 10mm wrench, 1x 13mm wrench, Allen wrench (included), tape measure<\/li>\n<\/ul>\n<p><strong>Net payload<\/strong><\/p>\n<p>The net payload for the BASE Rack is calculated by subtracting the weight of the rack and mounting kit from the maximum vehicle roof payload. Below is the net payload value for the mounting kit, subject to the vehicle&#8217;s maximum roof load capacity. Roof load capacity may vary depending on vehicle model and driving conditions. Consult your vehicle&#8217;s owner&#8217;s manual for exact information for your specific model and operating conditions.   <\/p>\n<ul>\n<li>6-legged set: maximum permissible load capacity of the vehicle roof or 150 kg (whichever is lower)<\/li>\n<\/ul>\n","protected":false},"excerpt":{"rendered":"<p>ARB BASE Rack roof gutter leg mounting kits are based on traditional ARB roof rack mounting kits, but are finished in a textured black Integrit color and include support plates to match the BASE Rack profile. Steel gutter guides with plastic bushings are included to distribute the load in the vehicle&#8217;s roof gutter. The most popular leg sets have been developed to fit most low-roof vehicles, such as the GQ Patrol, GU Patrol, 80 Series and 79 Series Dual Cab. Higher legs for 70 Series Troopcarrier vehicles are currently under development.   <\/p>\n","protected":false},"featured_media":11079,"template":"","meta":[],"product_brand":[344],"product_cat":[302],"product_tag":[426],"class_list":{"0":"post-11120","1":"product","2":"type-product","3":"status-publish","4":"has-post-thumbnail","6":"product_brand-arb-en","7":"product_cat-roof-rack-accessories","8":"product_tag-arb-en","10":"first","11":"instock","12":"taxable","13":"shipping-taxable","14":"purchasable","15":"product-type-simple"},"bundled_by":[],"bundle_stock_status":"instock","bundle_stock_quantity":null,"bundle_virtual":false,"bundle_layout":"","bundle_add_to_cart_form_location":"","bundle_editable_in_cart":false,"bundle_sold_individually_context":"","bundle_item_grouping":"","bundle_min_size":"","bundle_max_size":"","bundle_price":[],"bundled_items":[],"bundle_sell_ids":[],"yoast_head":"<!-- This site is optimized with the Yoast SEO plugin v27.2 - https:\/\/yoast.com\/product\/yoast-seo-wordpress\/ -->\n<title>BASERACK gutter mount, 6-legged, GU\/76 H1<\/title>\n<meta name=\"robots\" content=\"index, follow, max-snippet:-1, max-image-preview:large, max-video-preview:-1\" \/>\n<link rel=\"canonical\" href=\"https:\/\/iodperformance.com\/en\/produkt\/baserack-gutter-mount-6-legged-gu-76-h1\/\" \/>\n<meta property=\"og:locale\" content=\"en_US\" \/>\n<meta property=\"og:type\" content=\"article\" \/>\n<meta property=\"og:title\" content=\"BASERACK gutter mount, 6-legged, GU\/76 H1\" \/>\n<meta property=\"og:description\" content=\"ARB BASE Rack roof gutter leg mounting kits are based on traditional ARB roof rack mounting kits, but are finished in a textured black Integrit color and include support plates to match the BASE Rack profile. Steel gutter guides with plastic bushings are included to distribute the load in the vehicle&#039;s roof gutter. The most popular leg sets have been developed to fit most low-roof vehicles, such as the GQ Patrol, GU Patrol, 80 Series and 79 Series Dual Cab. Higher legs for 70 Series Troopcarrier vehicles are currently under development.\" \/>\n<meta property=\"og:url\" content=\"https:\/\/iodperformance.com\/en\/produkt\/baserack-gutter-mount-6-legged-gu-76-h1\/\" \/>\n<meta property=\"og:site_name\" content=\"IOD Performance\" \/>\n<meta property=\"article:publisher\" content=\"https:\/\/www.facebook.com\/IODshopPL\/\" \/>\n<meta property=\"article:modified_time\" content=\"2026-02-26T07:08:52+00:00\" \/>\n<meta property=\"og:image\" content=\"https:\/\/iodperformance.com\/wp-content\/uploads\/2025\/05\/image-542.jpeg\" \/>\n\t<meta property=\"og:image:width\" content=\"1600\" \/>\n\t<meta property=\"og:image:height\" content=\"1600\" \/>\n\t<meta property=\"og:image:type\" content=\"image\/jpeg\" \/>\n<meta name=\"twitter:card\" content=\"summary_large_image\" \/>\n<meta name=\"twitter:label1\" content=\"Est. reading time\" \/>\n\t<meta name=\"twitter:data1\" content=\"2 minutes\" \/>\n<script type=\"application\/ld+json\" class=\"yoast-schema-graph\">{\"@context\":\"https:\/\/schema.org\",\"@graph\":[{\"@type\":\"WebPage\",\"@id\":\"https:\/\/iodperformance.com\/en\/produkt\/baserack-gutter-mount-6-legged-gu-76-h1\/\",\"url\":\"https:\/\/iodperformance.com\/en\/produkt\/baserack-gutter-mount-6-legged-gu-76-h1\/\",\"name\":\"BASERACK gutter mount, 6-legged, GU\/76 H1\",\"isPartOf\":{\"@id\":\"https:\/\/iodperformance.com\/#website\"},\"primaryImageOfPage\":{\"@id\":\"https:\/\/iodperformance.com\/en\/produkt\/baserack-gutter-mount-6-legged-gu-76-h1\/#primaryimage\"},\"image\":{\"@id\":\"https:\/\/iodperformance.com\/en\/produkt\/baserack-gutter-mount-6-legged-gu-76-h1\/#primaryimage\"},\"thumbnailUrl\":\"https:\/\/iodperformance.com\/wp-content\/uploads\/2025\/05\/image-542.jpeg\",\"datePublished\":\"2025-05-16T05:53:32+00:00\",\"dateModified\":\"2026-02-26T07:08:52+00:00\",\"breadcrumb\":{\"@id\":\"https:\/\/iodperformance.com\/en\/produkt\/baserack-gutter-mount-6-legged-gu-76-h1\/#breadcrumb\"},\"inLanguage\":\"en-US\",\"potentialAction\":[{\"@type\":\"ReadAction\",\"target\":[\"https:\/\/iodperformance.com\/en\/produkt\/baserack-gutter-mount-6-legged-gu-76-h1\/\"]}]},{\"@type\":\"ImageObject\",\"inLanguage\":\"en-US\",\"@id\":\"https:\/\/iodperformance.com\/en\/produkt\/baserack-gutter-mount-6-legged-gu-76-h1\/#primaryimage\",\"url\":\"https:\/\/iodperformance.com\/wp-content\/uploads\/2025\/05\/image-542.jpeg\",\"contentUrl\":\"https:\/\/iodperformance.com\/wp-content\/uploads\/2025\/05\/image-542.jpeg\",\"width\":1600,\"height\":1600},{\"@type\":\"BreadcrumbList\",\"@id\":\"https:\/\/iodperformance.com\/en\/produkt\/baserack-gutter-mount-6-legged-gu-76-h1\/#breadcrumb\",\"itemListElement\":[{\"@type\":\"ListItem\",\"position\":1,\"name\":\"Strona g\u0142\u00f3wna\",\"item\":\"https:\/\/iodperformance.com\/en\/\"},{\"@type\":\"ListItem\",\"position\":2,\"name\":\"Shop\",\"item\":\"https:\/\/iodperformance.com\/en\/shop\/\"},{\"@type\":\"ListItem\",\"position\":3,\"name\":\"BASERACK gutter mount, 6-legged, GU\/76 H1\"}]},{\"@type\":\"WebSite\",\"@id\":\"https:\/\/iodperformance.com\/#website\",\"url\":\"https:\/\/iodperformance.com\/\",\"name\":\"IOD Performance\",\"description\":\"Producent cz\u0119\u015bci i akcesori\u00f3w samochodowych\",\"publisher\":{\"@id\":\"https:\/\/iodperformance.com\/#organization\"},\"potentialAction\":[{\"@type\":\"SearchAction\",\"target\":{\"@type\":\"EntryPoint\",\"urlTemplate\":\"https:\/\/iodperformance.com\/?s={search_term_string}\"},\"query-input\":{\"@type\":\"PropertyValueSpecification\",\"valueRequired\":true,\"valueName\":\"search_term_string\"}}],\"inLanguage\":\"en-US\"},{\"@type\":\"Organization\",\"@id\":\"https:\/\/iodperformance.com\/#organization\",\"name\":\"IOD Performance\",\"url\":\"https:\/\/iodperformance.com\/\",\"logo\":{\"@type\":\"ImageObject\",\"inLanguage\":\"en-US\",\"@id\":\"https:\/\/iodperformance.com\/#\/schema\/logo\/image\/\",\"url\":\"https:\/\/iodperformance.com\/wp-content\/uploads\/2025\/02\/logo_V2.png\",\"contentUrl\":\"https:\/\/iodperformance.com\/wp-content\/uploads\/2025\/02\/logo_V2.png\",\"width\":2560,\"height\":1076,\"caption\":\"IOD Performance\"},\"image\":{\"@id\":\"https:\/\/iodperformance.com\/#\/schema\/logo\/image\/\"},\"sameAs\":[\"https:\/\/www.facebook.com\/IODshopPL\/\",\"https:\/\/www.instagram.com\/iodperformance\/\",\"https:\/\/www.youtube.com\/@iodperformance\"]}]}<\/script>\n<!-- \/ Yoast SEO plugin. -->","yoast_head_json":{"title":"BASERACK gutter mount, 6-legged, GU\/76 H1","robots":{"index":"index","follow":"follow","max-snippet":"max-snippet:-1","max-image-preview":"max-image-preview:large","max-video-preview":"max-video-preview:-1"},"canonical":"https:\/\/iodperformance.com\/en\/produkt\/baserack-gutter-mount-6-legged-gu-76-h1\/","og_locale":"en_US","og_type":"article","og_title":"BASERACK gutter mount, 6-legged, GU\/76 H1","og_description":"ARB BASE Rack roof gutter leg mounting kits are based on traditional ARB roof rack mounting kits, but are finished in a textured black Integrit color and include support plates to match the BASE Rack profile. Steel gutter guides with plastic bushings are included to distribute the load in the vehicle's roof gutter. The most popular leg sets have been developed to fit most low-roof vehicles, such as the GQ Patrol, GU Patrol, 80 Series and 79 Series Dual Cab. Higher legs for 70 Series Troopcarrier vehicles are currently under development.","og_url":"https:\/\/iodperformance.com\/en\/produkt\/baserack-gutter-mount-6-legged-gu-76-h1\/","og_site_name":"IOD Performance","article_publisher":"https:\/\/www.facebook.com\/IODshopPL\/","article_modified_time":"2026-02-26T07:08:52+00:00","og_image":[{"width":1600,"height":1600,"url":"https:\/\/iodperformance.com\/wp-content\/uploads\/2025\/05\/image-542.jpeg","type":"image\/jpeg"}],"twitter_card":"summary_large_image","twitter_misc":{"Est. reading time":"2 minutes"},"schema":{"@context":"https:\/\/schema.org","@graph":[{"@type":"WebPage","@id":"https:\/\/iodperformance.com\/en\/produkt\/baserack-gutter-mount-6-legged-gu-76-h1\/","url":"https:\/\/iodperformance.com\/en\/produkt\/baserack-gutter-mount-6-legged-gu-76-h1\/","name":"BASERACK gutter mount, 6-legged, GU\/76 H1","isPartOf":{"@id":"https:\/\/iodperformance.com\/#website"},"primaryImageOfPage":{"@id":"https:\/\/iodperformance.com\/en\/produkt\/baserack-gutter-mount-6-legged-gu-76-h1\/#primaryimage"},"image":{"@id":"https:\/\/iodperformance.com\/en\/produkt\/baserack-gutter-mount-6-legged-gu-76-h1\/#primaryimage"},"thumbnailUrl":"https:\/\/iodperformance.com\/wp-content\/uploads\/2025\/05\/image-542.jpeg","datePublished":"2025-05-16T05:53:32+00:00","dateModified":"2026-02-26T07:08:52+00:00","breadcrumb":{"@id":"https:\/\/iodperformance.com\/en\/produkt\/baserack-gutter-mount-6-legged-gu-76-h1\/#breadcrumb"},"inLanguage":"en-US","potentialAction":[{"@type":"ReadAction","target":["https:\/\/iodperformance.com\/en\/produkt\/baserack-gutter-mount-6-legged-gu-76-h1\/"]}]},{"@type":"ImageObject","inLanguage":"en-US","@id":"https:\/\/iodperformance.com\/en\/produkt\/baserack-gutter-mount-6-legged-gu-76-h1\/#primaryimage","url":"https:\/\/iodperformance.com\/wp-content\/uploads\/2025\/05\/image-542.jpeg","contentUrl":"https:\/\/iodperformance.com\/wp-content\/uploads\/2025\/05\/image-542.jpeg","width":1600,"height":1600},{"@type":"BreadcrumbList","@id":"https:\/\/iodperformance.com\/en\/produkt\/baserack-gutter-mount-6-legged-gu-76-h1\/#breadcrumb","itemListElement":[{"@type":"ListItem","position":1,"name":"Strona g\u0142\u00f3wna","item":"https:\/\/iodperformance.com\/en\/"},{"@type":"ListItem","position":2,"name":"Shop","item":"https:\/\/iodperformance.com\/en\/shop\/"},{"@type":"ListItem","position":3,"name":"BASERACK gutter mount, 6-legged, GU\/76 H1"}]},{"@type":"WebSite","@id":"https:\/\/iodperformance.com\/#website","url":"https:\/\/iodperformance.com\/","name":"IOD Performance","description":"Producent cz\u0119\u015bci i akcesori\u00f3w samochodowych","publisher":{"@id":"https:\/\/iodperformance.com\/#organization"},"potentialAction":[{"@type":"SearchAction","target":{"@type":"EntryPoint","urlTemplate":"https:\/\/iodperformance.com\/?s={search_term_string}"},"query-input":{"@type":"PropertyValueSpecification","valueRequired":true,"valueName":"search_term_string"}}],"inLanguage":"en-US"},{"@type":"Organization","@id":"https:\/\/iodperformance.com\/#organization","name":"IOD Performance","url":"https:\/\/iodperformance.com\/","logo":{"@type":"ImageObject","inLanguage":"en-US","@id":"https:\/\/iodperformance.com\/#\/schema\/logo\/image\/","url":"https:\/\/iodperformance.com\/wp-content\/uploads\/2025\/02\/logo_V2.png","contentUrl":"https:\/\/iodperformance.com\/wp-content\/uploads\/2025\/02\/logo_V2.png","width":2560,"height":1076,"caption":"IOD Performance"},"image":{"@id":"https:\/\/iodperformance.com\/#\/schema\/logo\/image\/"},"sameAs":["https:\/\/www.facebook.com\/IODshopPL\/","https:\/\/www.instagram.com\/iodperformance\/","https:\/\/www.youtube.com\/@iodperformance"]}]}},"_links":{"self":[{"href":"https:\/\/iodperformance.com\/en\/wp-json\/wp\/v2\/product\/11120","targetHints":{"allow":["GET"]}}],"collection":[{"href":"https:\/\/iodperformance.com\/en\/wp-json\/wp\/v2\/product"}],"about":[{"href":"https:\/\/iodperformance.com\/en\/wp-json\/wp\/v2\/types\/product"}],"version-history":[{"count":0,"href":"https:\/\/iodperformance.com\/en\/wp-json\/wp\/v2\/product\/11120\/revisions"}],"wp:featuredmedia":[{"embeddable":true,"href":"https:\/\/iodperformance.com\/en\/wp-json\/wp\/v2\/media\/11079"}],"wp:attachment":[{"href":"https:\/\/iodperformance.com\/en\/wp-json\/wp\/v2\/media?parent=11120"}],"wp:term":[{"taxonomy":"product_brand","embeddable":true,"href":"https:\/\/iodperformance.com\/en\/wp-json\/wp\/v2\/product_brand?post=11120"},{"taxonomy":"product_cat","embeddable":true,"href":"https:\/\/iodperformance.com\/en\/wp-json\/wp\/v2\/product_cat?post=11120"},{"taxonomy":"product_tag","embeddable":true,"href":"https:\/\/iodperformance.com\/en\/wp-json\/wp\/v2\/product_tag?post=11120"}],"curies":[{"name":"wp","href":"https:\/\/api.w.org\/{rel}","templated":true}]}}