{"id":10665,"date":"2025-05-15T08:43:49","date_gmt":"2025-05-15T06:43:49","guid":{"rendered":"https:\/\/iodperformance.com\/produkt\/side-walls-with-floor-for-arb-2-5-x-2-5-m-canopy-deluxe-version\/"},"modified":"2026-02-26T08:08:40","modified_gmt":"2026-02-26T07:08:40","slug":"side-walls-with-floor-for-arb-2-5-x-2-5-m-canopy-deluxe-version","status":"publish","type":"product","link":"https:\/\/iodperformance.com\/en\/produkt\/side-walls-with-floor-for-arb-2-5-x-2-5-m-canopy-deluxe-version\/","title":{"rendered":"Side walls with floor for ARB 2.5 x 2.5 m canopy, deluxe version"},"content":{"rendered":"<p>The product folds very nicely and quickly, packed into its own bag. Packed has dimensions of about 35x55cm <\/p>\n<p>The product is suitable for installation complete with a 2.5 by 2.5 m ARB roller blind on most popular off-road vehicle racks. The height of the tent ranges from 190 to 198 cm, depending on the mounting height of the roller blind itself. <\/p>\n<p>The ceiling has a transparent strip that allows the lighting from the blind to work properly.<\/p>\n","protected":false},"excerpt":{"rendered":"<p>A set of 4 side walls with a second roof and floor clipped to ARB canopy 814407 or 814412 (old canopy number 814100, ARB4401 ) of the Australian company ARB with dimensions of 2.5 x 2.5 meters.<\/p>\n<p>The walls including the floor and ceiling are permanently sewn together to form a single compartment. High quality workmanship, decent zippers. <\/p>\n<p>It has zippered mosquito nets on the front and sides, and full zippered side walls. The side walls can be rolled up and pinned on top of the canopy. Both side walls are split in half. The rear part mounted to the car does not have a mosquito net.<br \/>\nThe canopy does not have windows like the old version 813104 which is no longer sold.   <\/p>\n<p>Very easy and fast installation. From the side of the car slid into a special channel in the aluminum profile of the roller shutter, on the sides to the horizontal tubes attached with special plastic snaps and from the front a strip with a slider mounted in the aluminum profile of the roller shutter. <\/p>\n","protected":false},"featured_media":10606,"template":"","meta":[],"product_brand":[344],"product_cat":[405],"product_tag":[426],"class_list":{"0":"post-10665","1":"product","2":"type-product","3":"status-publish","4":"has-post-thumbnail","6":"product_brand-arb-en","7":"product_cat-awnings","8":"product_tag-arb-en","10":"first","11":"instock","12":"taxable","13":"shipping-taxable","14":"purchasable","15":"product-type-simple"},"bundled_by":[],"bundle_stock_status":"instock","bundle_stock_quantity":null,"bundle_virtual":false,"bundle_layout":"","bundle_add_to_cart_form_location":"","bundle_editable_in_cart":false,"bundle_sold_individually_context":"","bundle_item_grouping":"","bundle_min_size":"","bundle_max_size":"","bundle_price":[],"bundled_items":[],"bundle_sell_ids":[],"yoast_head":"<!-- This site is optimized with the Yoast SEO plugin v27.2 - https:\/\/yoast.com\/product\/yoast-seo-wordpress\/ -->\n<title>Side walls with floor for ARB 2.5 x 2.5 m canopy, deluxe version<\/title>\n<meta name=\"robots\" content=\"index, follow, max-snippet:-1, max-image-preview:large, max-video-preview:-1\" \/>\n<link rel=\"canonical\" href=\"https:\/\/iodperformance.com\/en\/produkt\/side-walls-with-floor-for-arb-2-5-x-2-5-m-canopy-deluxe-version\/\" \/>\n<meta property=\"og:locale\" content=\"en_US\" \/>\n<meta property=\"og:type\" content=\"article\" \/>\n<meta property=\"og:title\" content=\"Side walls with floor for ARB 2.5 x 2.5 m canopy, deluxe version\" \/>\n<meta property=\"og:description\" content=\"A set of 4 side walls with a second roof and floor clipped to ARB canopy 814407 or 814412 (old canopy number 814100, ARB4401 ) of the Australian company ARB with dimensions of 2.5 x 2.5 meters. The walls including the floor and ceiling are permanently sewn together to form a single compartment. High quality workmanship, decent zippers.  It has zippered mosquito nets on the front and sides, and full zippered side walls. The side walls can be rolled up and pinned on top of the canopy. Both side walls are split in half. The rear part mounted to the car does not have a mosquito net. The canopy does not have windows like the old version 813104 which is no longer sold.   Very easy and fast installation. From the side of the car slid into a special channel in the aluminum profile of the roller shutter, on the sides to the horizontal tubes attached with special plastic snaps and from the front a strip with a slider mounted in the aluminum profile of the roller shutter.\" \/>\n<meta property=\"og:url\" content=\"https:\/\/iodperformance.com\/en\/produkt\/side-walls-with-floor-for-arb-2-5-x-2-5-m-canopy-deluxe-version\/\" \/>\n<meta property=\"og:site_name\" content=\"IOD Performance\" \/>\n<meta property=\"article:publisher\" content=\"https:\/\/www.facebook.com\/IODshopPL\/\" \/>\n<meta property=\"article:modified_time\" content=\"2026-02-26T07:08:40+00:00\" \/>\n<meta property=\"og:image\" content=\"https:\/\/iodperformance.com\/wp-content\/uploads\/2025\/05\/image-420.jpeg\" \/>\n\t<meta property=\"og:image:width\" content=\"1600\" \/>\n\t<meta property=\"og:image:height\" content=\"1066\" \/>\n\t<meta property=\"og:image:type\" content=\"image\/jpeg\" \/>\n<meta name=\"twitter:card\" content=\"summary_large_image\" \/>\n<script type=\"application\/ld+json\" class=\"yoast-schema-graph\">{\"@context\":\"https:\/\/schema.org\",\"@graph\":[{\"@type\":\"WebPage\",\"@id\":\"https:\/\/iodperformance.com\/en\/produkt\/side-walls-with-floor-for-arb-2-5-x-2-5-m-canopy-deluxe-version\/\",\"url\":\"https:\/\/iodperformance.com\/en\/produkt\/side-walls-with-floor-for-arb-2-5-x-2-5-m-canopy-deluxe-version\/\",\"name\":\"Side walls with floor for ARB 2.5 x 2.5 m canopy, deluxe version\",\"isPartOf\":{\"@id\":\"https:\/\/iodperformance.com\/#website\"},\"primaryImageOfPage\":{\"@id\":\"https:\/\/iodperformance.com\/en\/produkt\/side-walls-with-floor-for-arb-2-5-x-2-5-m-canopy-deluxe-version\/#primaryimage\"},\"image\":{\"@id\":\"https:\/\/iodperformance.com\/en\/produkt\/side-walls-with-floor-for-arb-2-5-x-2-5-m-canopy-deluxe-version\/#primaryimage\"},\"thumbnailUrl\":\"https:\/\/iodperformance.com\/wp-content\/uploads\/2025\/05\/image-420.jpeg\",\"datePublished\":\"2025-05-15T06:43:49+00:00\",\"dateModified\":\"2026-02-26T07:08:40+00:00\",\"breadcrumb\":{\"@id\":\"https:\/\/iodperformance.com\/en\/produkt\/side-walls-with-floor-for-arb-2-5-x-2-5-m-canopy-deluxe-version\/#breadcrumb\"},\"inLanguage\":\"en-US\",\"potentialAction\":[{\"@type\":\"ReadAction\",\"target\":[\"https:\/\/iodperformance.com\/en\/produkt\/side-walls-with-floor-for-arb-2-5-x-2-5-m-canopy-deluxe-version\/\"]}]},{\"@type\":\"ImageObject\",\"inLanguage\":\"en-US\",\"@id\":\"https:\/\/iodperformance.com\/en\/produkt\/side-walls-with-floor-for-arb-2-5-x-2-5-m-canopy-deluxe-version\/#primaryimage\",\"url\":\"https:\/\/iodperformance.com\/wp-content\/uploads\/2025\/05\/image-420.jpeg\",\"contentUrl\":\"https:\/\/iodperformance.com\/wp-content\/uploads\/2025\/05\/image-420.jpeg\",\"width\":1600,\"height\":1066},{\"@type\":\"BreadcrumbList\",\"@id\":\"https:\/\/iodperformance.com\/en\/produkt\/side-walls-with-floor-for-arb-2-5-x-2-5-m-canopy-deluxe-version\/#breadcrumb\",\"itemListElement\":[{\"@type\":\"ListItem\",\"position\":1,\"name\":\"Strona g\u0142\u00f3wna\",\"item\":\"https:\/\/iodperformance.com\/en\/\"},{\"@type\":\"ListItem\",\"position\":2,\"name\":\"Shop\",\"item\":\"https:\/\/iodperformance.com\/en\/shop\/\"},{\"@type\":\"ListItem\",\"position\":3,\"name\":\"Side walls with floor for ARB 2.5 x 2.5 m canopy, deluxe version\"}]},{\"@type\":\"WebSite\",\"@id\":\"https:\/\/iodperformance.com\/#website\",\"url\":\"https:\/\/iodperformance.com\/\",\"name\":\"IOD Performance\",\"description\":\"Producent cz\u0119\u015bci i akcesori\u00f3w samochodowych\",\"publisher\":{\"@id\":\"https:\/\/iodperformance.com\/#organization\"},\"potentialAction\":[{\"@type\":\"SearchAction\",\"target\":{\"@type\":\"EntryPoint\",\"urlTemplate\":\"https:\/\/iodperformance.com\/?s={search_term_string}\"},\"query-input\":{\"@type\":\"PropertyValueSpecification\",\"valueRequired\":true,\"valueName\":\"search_term_string\"}}],\"inLanguage\":\"en-US\"},{\"@type\":\"Organization\",\"@id\":\"https:\/\/iodperformance.com\/#organization\",\"name\":\"IOD Performance\",\"url\":\"https:\/\/iodperformance.com\/\",\"logo\":{\"@type\":\"ImageObject\",\"inLanguage\":\"en-US\",\"@id\":\"https:\/\/iodperformance.com\/#\/schema\/logo\/image\/\",\"url\":\"https:\/\/iodperformance.com\/wp-content\/uploads\/2025\/02\/logo_V2.png\",\"contentUrl\":\"https:\/\/iodperformance.com\/wp-content\/uploads\/2025\/02\/logo_V2.png\",\"width\":2560,\"height\":1076,\"caption\":\"IOD Performance\"},\"image\":{\"@id\":\"https:\/\/iodperformance.com\/#\/schema\/logo\/image\/\"},\"sameAs\":[\"https:\/\/www.facebook.com\/IODshopPL\/\",\"https:\/\/www.instagram.com\/iodperformance\/\",\"https:\/\/www.youtube.com\/@iodperformance\"]}]}<\/script>\n<!-- \/ Yoast SEO plugin. -->","yoast_head_json":{"title":"Side walls with floor for ARB 2.5 x 2.5 m canopy, deluxe version","robots":{"index":"index","follow":"follow","max-snippet":"max-snippet:-1","max-image-preview":"max-image-preview:large","max-video-preview":"max-video-preview:-1"},"canonical":"https:\/\/iodperformance.com\/en\/produkt\/side-walls-with-floor-for-arb-2-5-x-2-5-m-canopy-deluxe-version\/","og_locale":"en_US","og_type":"article","og_title":"Side walls with floor for ARB 2.5 x 2.5 m canopy, deluxe version","og_description":"A set of 4 side walls with a second roof and floor clipped to ARB canopy 814407 or 814412 (old canopy number 814100, ARB4401 ) of the Australian company ARB with dimensions of 2.5 x 2.5 meters. The walls including the floor and ceiling are permanently sewn together to form a single compartment. High quality workmanship, decent zippers.  It has zippered mosquito nets on the front and sides, and full zippered side walls. The side walls can be rolled up and pinned on top of the canopy. Both side walls are split in half. The rear part mounted to the car does not have a mosquito net. The canopy does not have windows like the old version 813104 which is no longer sold.   Very easy and fast installation. From the side of the car slid into a special channel in the aluminum profile of the roller shutter, on the sides to the horizontal tubes attached with special plastic snaps and from the front a strip with a slider mounted in the aluminum profile of the roller shutter.","og_url":"https:\/\/iodperformance.com\/en\/produkt\/side-walls-with-floor-for-arb-2-5-x-2-5-m-canopy-deluxe-version\/","og_site_name":"IOD Performance","article_publisher":"https:\/\/www.facebook.com\/IODshopPL\/","article_modified_time":"2026-02-26T07:08:40+00:00","og_image":[{"width":1600,"height":1066,"url":"https:\/\/iodperformance.com\/wp-content\/uploads\/2025\/05\/image-420.jpeg","type":"image\/jpeg"}],"twitter_card":"summary_large_image","schema":{"@context":"https:\/\/schema.org","@graph":[{"@type":"WebPage","@id":"https:\/\/iodperformance.com\/en\/produkt\/side-walls-with-floor-for-arb-2-5-x-2-5-m-canopy-deluxe-version\/","url":"https:\/\/iodperformance.com\/en\/produkt\/side-walls-with-floor-for-arb-2-5-x-2-5-m-canopy-deluxe-version\/","name":"Side walls with floor for ARB 2.5 x 2.5 m canopy, deluxe version","isPartOf":{"@id":"https:\/\/iodperformance.com\/#website"},"primaryImageOfPage":{"@id":"https:\/\/iodperformance.com\/en\/produkt\/side-walls-with-floor-for-arb-2-5-x-2-5-m-canopy-deluxe-version\/#primaryimage"},"image":{"@id":"https:\/\/iodperformance.com\/en\/produkt\/side-walls-with-floor-for-arb-2-5-x-2-5-m-canopy-deluxe-version\/#primaryimage"},"thumbnailUrl":"https:\/\/iodperformance.com\/wp-content\/uploads\/2025\/05\/image-420.jpeg","datePublished":"2025-05-15T06:43:49+00:00","dateModified":"2026-02-26T07:08:40+00:00","breadcrumb":{"@id":"https:\/\/iodperformance.com\/en\/produkt\/side-walls-with-floor-for-arb-2-5-x-2-5-m-canopy-deluxe-version\/#breadcrumb"},"inLanguage":"en-US","potentialAction":[{"@type":"ReadAction","target":["https:\/\/iodperformance.com\/en\/produkt\/side-walls-with-floor-for-arb-2-5-x-2-5-m-canopy-deluxe-version\/"]}]},{"@type":"ImageObject","inLanguage":"en-US","@id":"https:\/\/iodperformance.com\/en\/produkt\/side-walls-with-floor-for-arb-2-5-x-2-5-m-canopy-deluxe-version\/#primaryimage","url":"https:\/\/iodperformance.com\/wp-content\/uploads\/2025\/05\/image-420.jpeg","contentUrl":"https:\/\/iodperformance.com\/wp-content\/uploads\/2025\/05\/image-420.jpeg","width":1600,"height":1066},{"@type":"BreadcrumbList","@id":"https:\/\/iodperformance.com\/en\/produkt\/side-walls-with-floor-for-arb-2-5-x-2-5-m-canopy-deluxe-version\/#breadcrumb","itemListElement":[{"@type":"ListItem","position":1,"name":"Strona g\u0142\u00f3wna","item":"https:\/\/iodperformance.com\/en\/"},{"@type":"ListItem","position":2,"name":"Shop","item":"https:\/\/iodperformance.com\/en\/shop\/"},{"@type":"ListItem","position":3,"name":"Side walls with floor for ARB 2.5 x 2.5 m canopy, deluxe version"}]},{"@type":"WebSite","@id":"https:\/\/iodperformance.com\/#website","url":"https:\/\/iodperformance.com\/","name":"IOD Performance","description":"Producent cz\u0119\u015bci i akcesori\u00f3w samochodowych","publisher":{"@id":"https:\/\/iodperformance.com\/#organization"},"potentialAction":[{"@type":"SearchAction","target":{"@type":"EntryPoint","urlTemplate":"https:\/\/iodperformance.com\/?s={search_term_string}"},"query-input":{"@type":"PropertyValueSpecification","valueRequired":true,"valueName":"search_term_string"}}],"inLanguage":"en-US"},{"@type":"Organization","@id":"https:\/\/iodperformance.com\/#organization","name":"IOD Performance","url":"https:\/\/iodperformance.com\/","logo":{"@type":"ImageObject","inLanguage":"en-US","@id":"https:\/\/iodperformance.com\/#\/schema\/logo\/image\/","url":"https:\/\/iodperformance.com\/wp-content\/uploads\/2025\/02\/logo_V2.png","contentUrl":"https:\/\/iodperformance.com\/wp-content\/uploads\/2025\/02\/logo_V2.png","width":2560,"height":1076,"caption":"IOD Performance"},"image":{"@id":"https:\/\/iodperformance.com\/#\/schema\/logo\/image\/"},"sameAs":["https:\/\/www.facebook.com\/IODshopPL\/","https:\/\/www.instagram.com\/iodperformance\/","https:\/\/www.youtube.com\/@iodperformance"]}]}},"_links":{"self":[{"href":"https:\/\/iodperformance.com\/en\/wp-json\/wp\/v2\/product\/10665","targetHints":{"allow":["GET"]}}],"collection":[{"href":"https:\/\/iodperformance.com\/en\/wp-json\/wp\/v2\/product"}],"about":[{"href":"https:\/\/iodperformance.com\/en\/wp-json\/wp\/v2\/types\/product"}],"version-history":[{"count":0,"href":"https:\/\/iodperformance.com\/en\/wp-json\/wp\/v2\/product\/10665\/revisions"}],"wp:featuredmedia":[{"embeddable":true,"href":"https:\/\/iodperformance.com\/en\/wp-json\/wp\/v2\/media\/10606"}],"wp:attachment":[{"href":"https:\/\/iodperformance.com\/en\/wp-json\/wp\/v2\/media?parent=10665"}],"wp:term":[{"taxonomy":"product_brand","embeddable":true,"href":"https:\/\/iodperformance.com\/en\/wp-json\/wp\/v2\/product_brand?post=10665"},{"taxonomy":"product_cat","embeddable":true,"href":"https:\/\/iodperformance.com\/en\/wp-json\/wp\/v2\/product_cat?post=10665"},{"taxonomy":"product_tag","embeddable":true,"href":"https:\/\/iodperformance.com\/en\/wp-json\/wp\/v2\/product_tag?post=10665"}],"curies":[{"name":"wp","href":"https:\/\/api.w.org\/{rel}","templated":true}]}}