{"id":10358,"date":"2025-05-14T11:12:38","date_gmt":"2025-05-14T09:12:38","guid":{"rendered":"https:\/\/iodperformance.com\/produkt\/dc-24v-20a-power-supply\/"},"modified":"2026-02-26T08:08:30","modified_gmt":"2026-02-26T07:08:30","slug":"dc-24v-20a-power-supply","status":"publish","type":"product","link":"https:\/\/iodperformance.com\/en\/produkt\/dc-24v-20a-power-supply\/","title":{"rendered":"DC 24V 20A power supply"},"content":{"rendered":"<p><strong>Advantages:<\/strong><\/p>\n<ul>\n<li>High efficiency and adjustable output voltage<\/li>\n<li>Simplified installation and greater functionality<\/li>\n<li>Protection against surges, voltage spikes and misconnections<\/li>\n<\/ul>\n<p><strong>Features:<\/strong><\/p>\n<ul>\n<li>Fully flooded, leak-proof design<\/li>\n<li>Ignition control<\/li>\n<li>No fan &#8211; quiet operation<\/li>\n<li>High-efficiency power supply system<\/li>\n<li>Wide input voltage range<\/li>\n<li>Selectable output voltage<\/li>\n<\/ul>\n","protected":false},"excerpt":{"rendered":"<p>The REDARC DPS2420 is a 24V, 20A DC power supply that provides stable and regulated power for noise-sensitive devices. In some cases, it can also serve as an alternative to an auxiliary battery installation. <\/p>\n<p>The power supply supports a wide input voltage range (9-32V) and offers a selectable output voltage &#8211; ideal for powering lights, radios, small motors, computer and communications equipment, refrigerators, pumps and televisions in 24V installations.<\/p>\n<p>With its low electrical interference emissions, the DPS2420 can power modern radio systems without the risk of interference.<\/p>\n<p>Fully flooded with REDARC silicone elastomer, the power supply can be mounted outside the vehicle and is also suitable for marine applications. The DPS2420 features protection against overvoltage, voltage spikes and reverse polarity. <\/p>\n","protected":false},"featured_media":10321,"template":"","meta":[],"product_brand":[391],"product_cat":[393],"product_tag":[427],"class_list":{"0":"post-10358","1":"product","2":"type-product","3":"status-publish","4":"has-post-thumbnail","6":"product_brand-redarc-en","7":"product_cat-batteries","8":"product_tag-redarc-en","10":"first","11":"instock","12":"taxable","13":"shipping-taxable","14":"purchasable","15":"product-type-simple"},"bundled_by":[],"bundle_stock_status":"instock","bundle_stock_quantity":null,"bundle_virtual":false,"bundle_layout":"","bundle_add_to_cart_form_location":"","bundle_editable_in_cart":false,"bundle_sold_individually_context":"","bundle_item_grouping":"","bundle_min_size":"","bundle_max_size":"","bundle_price":[],"bundled_items":[],"bundle_sell_ids":[],"yoast_head":"<!-- This site is optimized with the Yoast SEO plugin v27.2 - https:\/\/yoast.com\/product\/yoast-seo-wordpress\/ -->\n<title>DC 24V 20A power supply<\/title>\n<meta name=\"robots\" content=\"index, follow, max-snippet:-1, max-image-preview:large, max-video-preview:-1\" \/>\n<link rel=\"canonical\" href=\"https:\/\/iodperformance.com\/en\/produkt\/dc-24v-20a-power-supply\/\" \/>\n<meta property=\"og:locale\" content=\"en_US\" \/>\n<meta property=\"og:type\" content=\"article\" \/>\n<meta property=\"og:title\" content=\"DC 24V 20A power supply\" \/>\n<meta property=\"og:description\" content=\"The REDARC DPS2420 is a 24V, 20A DC power supply that provides stable and regulated power for noise-sensitive devices. In some cases, it can also serve as an alternative to an auxiliary battery installation. The power supply supports a wide input voltage range (9-32V) and offers a selectable output voltage - ideal for powering lights, radios, small motors, computer and communications equipment, refrigerators, pumps and televisions in 24V installations.With its low electrical interference emissions, the DPS2420 can power modern radio systems without the risk of interference.Fully flooded with REDARC silicone elastomer, the power supply can be mounted outside the vehicle and is also suitable for marine applications. The DPS2420 features protection against overvoltage, voltage spikes and reverse polarity.\" \/>\n<meta property=\"og:url\" content=\"https:\/\/iodperformance.com\/en\/produkt\/dc-24v-20a-power-supply\/\" \/>\n<meta property=\"og:site_name\" content=\"IOD Performance\" \/>\n<meta property=\"article:publisher\" content=\"https:\/\/www.facebook.com\/IODshopPL\/\" \/>\n<meta property=\"article:modified_time\" content=\"2026-02-26T07:08:30+00:00\" \/>\n<meta property=\"og:image\" content=\"https:\/\/iodperformance.com\/wp-content\/uploads\/2025\/05\/image-11.png\" \/>\n\t<meta property=\"og:image:width\" content=\"990\" \/>\n\t<meta property=\"og:image:height\" content=\"990\" \/>\n\t<meta property=\"og:image:type\" content=\"image\/png\" \/>\n<meta name=\"twitter:card\" content=\"summary_large_image\" \/>\n<script type=\"application\/ld+json\" class=\"yoast-schema-graph\">{\"@context\":\"https:\/\/schema.org\",\"@graph\":[{\"@type\":\"WebPage\",\"@id\":\"https:\/\/iodperformance.com\/en\/produkt\/dc-24v-20a-power-supply\/\",\"url\":\"https:\/\/iodperformance.com\/en\/produkt\/dc-24v-20a-power-supply\/\",\"name\":\"DC 24V 20A power supply\",\"isPartOf\":{\"@id\":\"https:\/\/iodperformance.com\/#website\"},\"primaryImageOfPage\":{\"@id\":\"https:\/\/iodperformance.com\/en\/produkt\/dc-24v-20a-power-supply\/#primaryimage\"},\"image\":{\"@id\":\"https:\/\/iodperformance.com\/en\/produkt\/dc-24v-20a-power-supply\/#primaryimage\"},\"thumbnailUrl\":\"https:\/\/iodperformance.com\/wp-content\/uploads\/2025\/05\/image-11.png\",\"datePublished\":\"2025-05-14T09:12:38+00:00\",\"dateModified\":\"2026-02-26T07:08:30+00:00\",\"breadcrumb\":{\"@id\":\"https:\/\/iodperformance.com\/en\/produkt\/dc-24v-20a-power-supply\/#breadcrumb\"},\"inLanguage\":\"en-US\",\"potentialAction\":[{\"@type\":\"ReadAction\",\"target\":[\"https:\/\/iodperformance.com\/en\/produkt\/dc-24v-20a-power-supply\/\"]}]},{\"@type\":\"ImageObject\",\"inLanguage\":\"en-US\",\"@id\":\"https:\/\/iodperformance.com\/en\/produkt\/dc-24v-20a-power-supply\/#primaryimage\",\"url\":\"https:\/\/iodperformance.com\/wp-content\/uploads\/2025\/05\/image-11.png\",\"contentUrl\":\"https:\/\/iodperformance.com\/wp-content\/uploads\/2025\/05\/image-11.png\",\"width\":990,\"height\":990},{\"@type\":\"BreadcrumbList\",\"@id\":\"https:\/\/iodperformance.com\/en\/produkt\/dc-24v-20a-power-supply\/#breadcrumb\",\"itemListElement\":[{\"@type\":\"ListItem\",\"position\":1,\"name\":\"Strona g\u0142\u00f3wna\",\"item\":\"https:\/\/iodperformance.com\/en\/\"},{\"@type\":\"ListItem\",\"position\":2,\"name\":\"Shop\",\"item\":\"https:\/\/iodperformance.com\/en\/shop\/\"},{\"@type\":\"ListItem\",\"position\":3,\"name\":\"DC 24V 20A power supply\"}]},{\"@type\":\"WebSite\",\"@id\":\"https:\/\/iodperformance.com\/#website\",\"url\":\"https:\/\/iodperformance.com\/\",\"name\":\"IOD Performance\",\"description\":\"Producent cz\u0119\u015bci i akcesori\u00f3w samochodowych\",\"publisher\":{\"@id\":\"https:\/\/iodperformance.com\/#organization\"},\"potentialAction\":[{\"@type\":\"SearchAction\",\"target\":{\"@type\":\"EntryPoint\",\"urlTemplate\":\"https:\/\/iodperformance.com\/?s={search_term_string}\"},\"query-input\":{\"@type\":\"PropertyValueSpecification\",\"valueRequired\":true,\"valueName\":\"search_term_string\"}}],\"inLanguage\":\"en-US\"},{\"@type\":\"Organization\",\"@id\":\"https:\/\/iodperformance.com\/#organization\",\"name\":\"IOD Performance\",\"url\":\"https:\/\/iodperformance.com\/\",\"logo\":{\"@type\":\"ImageObject\",\"inLanguage\":\"en-US\",\"@id\":\"https:\/\/iodperformance.com\/#\/schema\/logo\/image\/\",\"url\":\"https:\/\/iodperformance.com\/wp-content\/uploads\/2025\/02\/logo_V2.png\",\"contentUrl\":\"https:\/\/iodperformance.com\/wp-content\/uploads\/2025\/02\/logo_V2.png\",\"width\":2560,\"height\":1076,\"caption\":\"IOD Performance\"},\"image\":{\"@id\":\"https:\/\/iodperformance.com\/#\/schema\/logo\/image\/\"},\"sameAs\":[\"https:\/\/www.facebook.com\/IODshopPL\/\",\"https:\/\/www.instagram.com\/iodperformance\/\",\"https:\/\/www.youtube.com\/@iodperformance\"]}]}<\/script>\n<!-- \/ Yoast SEO plugin. -->","yoast_head_json":{"title":"DC 24V 20A power supply","robots":{"index":"index","follow":"follow","max-snippet":"max-snippet:-1","max-image-preview":"max-image-preview:large","max-video-preview":"max-video-preview:-1"},"canonical":"https:\/\/iodperformance.com\/en\/produkt\/dc-24v-20a-power-supply\/","og_locale":"en_US","og_type":"article","og_title":"DC 24V 20A power supply","og_description":"The REDARC DPS2420 is a 24V, 20A DC power supply that provides stable and regulated power for noise-sensitive devices. In some cases, it can also serve as an alternative to an auxiliary battery installation. The power supply supports a wide input voltage range (9-32V) and offers a selectable output voltage - ideal for powering lights, radios, small motors, computer and communications equipment, refrigerators, pumps and televisions in 24V installations.With its low electrical interference emissions, the DPS2420 can power modern radio systems without the risk of interference.Fully flooded with REDARC silicone elastomer, the power supply can be mounted outside the vehicle and is also suitable for marine applications. The DPS2420 features protection against overvoltage, voltage spikes and reverse polarity.","og_url":"https:\/\/iodperformance.com\/en\/produkt\/dc-24v-20a-power-supply\/","og_site_name":"IOD Performance","article_publisher":"https:\/\/www.facebook.com\/IODshopPL\/","article_modified_time":"2026-02-26T07:08:30+00:00","og_image":[{"width":990,"height":990,"url":"https:\/\/iodperformance.com\/wp-content\/uploads\/2025\/05\/image-11.png","type":"image\/png"}],"twitter_card":"summary_large_image","schema":{"@context":"https:\/\/schema.org","@graph":[{"@type":"WebPage","@id":"https:\/\/iodperformance.com\/en\/produkt\/dc-24v-20a-power-supply\/","url":"https:\/\/iodperformance.com\/en\/produkt\/dc-24v-20a-power-supply\/","name":"DC 24V 20A power supply","isPartOf":{"@id":"https:\/\/iodperformance.com\/#website"},"primaryImageOfPage":{"@id":"https:\/\/iodperformance.com\/en\/produkt\/dc-24v-20a-power-supply\/#primaryimage"},"image":{"@id":"https:\/\/iodperformance.com\/en\/produkt\/dc-24v-20a-power-supply\/#primaryimage"},"thumbnailUrl":"https:\/\/iodperformance.com\/wp-content\/uploads\/2025\/05\/image-11.png","datePublished":"2025-05-14T09:12:38+00:00","dateModified":"2026-02-26T07:08:30+00:00","breadcrumb":{"@id":"https:\/\/iodperformance.com\/en\/produkt\/dc-24v-20a-power-supply\/#breadcrumb"},"inLanguage":"en-US","potentialAction":[{"@type":"ReadAction","target":["https:\/\/iodperformance.com\/en\/produkt\/dc-24v-20a-power-supply\/"]}]},{"@type":"ImageObject","inLanguage":"en-US","@id":"https:\/\/iodperformance.com\/en\/produkt\/dc-24v-20a-power-supply\/#primaryimage","url":"https:\/\/iodperformance.com\/wp-content\/uploads\/2025\/05\/image-11.png","contentUrl":"https:\/\/iodperformance.com\/wp-content\/uploads\/2025\/05\/image-11.png","width":990,"height":990},{"@type":"BreadcrumbList","@id":"https:\/\/iodperformance.com\/en\/produkt\/dc-24v-20a-power-supply\/#breadcrumb","itemListElement":[{"@type":"ListItem","position":1,"name":"Strona g\u0142\u00f3wna","item":"https:\/\/iodperformance.com\/en\/"},{"@type":"ListItem","position":2,"name":"Shop","item":"https:\/\/iodperformance.com\/en\/shop\/"},{"@type":"ListItem","position":3,"name":"DC 24V 20A power supply"}]},{"@type":"WebSite","@id":"https:\/\/iodperformance.com\/#website","url":"https:\/\/iodperformance.com\/","name":"IOD Performance","description":"Producent cz\u0119\u015bci i akcesori\u00f3w samochodowych","publisher":{"@id":"https:\/\/iodperformance.com\/#organization"},"potentialAction":[{"@type":"SearchAction","target":{"@type":"EntryPoint","urlTemplate":"https:\/\/iodperformance.com\/?s={search_term_string}"},"query-input":{"@type":"PropertyValueSpecification","valueRequired":true,"valueName":"search_term_string"}}],"inLanguage":"en-US"},{"@type":"Organization","@id":"https:\/\/iodperformance.com\/#organization","name":"IOD Performance","url":"https:\/\/iodperformance.com\/","logo":{"@type":"ImageObject","inLanguage":"en-US","@id":"https:\/\/iodperformance.com\/#\/schema\/logo\/image\/","url":"https:\/\/iodperformance.com\/wp-content\/uploads\/2025\/02\/logo_V2.png","contentUrl":"https:\/\/iodperformance.com\/wp-content\/uploads\/2025\/02\/logo_V2.png","width":2560,"height":1076,"caption":"IOD Performance"},"image":{"@id":"https:\/\/iodperformance.com\/#\/schema\/logo\/image\/"},"sameAs":["https:\/\/www.facebook.com\/IODshopPL\/","https:\/\/www.instagram.com\/iodperformance\/","https:\/\/www.youtube.com\/@iodperformance"]}]}},"_links":{"self":[{"href":"https:\/\/iodperformance.com\/en\/wp-json\/wp\/v2\/product\/10358","targetHints":{"allow":["GET"]}}],"collection":[{"href":"https:\/\/iodperformance.com\/en\/wp-json\/wp\/v2\/product"}],"about":[{"href":"https:\/\/iodperformance.com\/en\/wp-json\/wp\/v2\/types\/product"}],"version-history":[{"count":0,"href":"https:\/\/iodperformance.com\/en\/wp-json\/wp\/v2\/product\/10358\/revisions"}],"wp:featuredmedia":[{"embeddable":true,"href":"https:\/\/iodperformance.com\/en\/wp-json\/wp\/v2\/media\/10321"}],"wp:attachment":[{"href":"https:\/\/iodperformance.com\/en\/wp-json\/wp\/v2\/media?parent=10358"}],"wp:term":[{"taxonomy":"product_brand","embeddable":true,"href":"https:\/\/iodperformance.com\/en\/wp-json\/wp\/v2\/product_brand?post=10358"},{"taxonomy":"product_cat","embeddable":true,"href":"https:\/\/iodperformance.com\/en\/wp-json\/wp\/v2\/product_cat?post=10358"},{"taxonomy":"product_tag","embeddable":true,"href":"https:\/\/iodperformance.com\/en\/wp-json\/wp\/v2\/product_tag?post=10358"}],"curies":[{"name":"wp","href":"https:\/\/api.w.org\/{rel}","templated":true}]}}